{"id":2932,"date":"2019-05-01T21:09:23","date_gmt":"2019-05-02T00:09:23","guid":{"rendered":"http:\/\/gamatel.com.br\/?page_id=2932"},"modified":"2022-07-13T15:06:36","modified_gmt":"2022-07-13T18:06:36","slug":"politica-de-qualidade","status":"publish","type":"page","link":"https:\/\/gamatel.com.br\/en\/politica-de-qualidade\/","title":{"rendered":"Quality policy"},"content":{"rendered":"<div class=\"wpb-content-wrapper\"><div id=\"qualidade\" class=\"vc_row wpb_row row top-row wpb_custom_034b39d9bc6c6b310d69e39f0ccf274f\"><div class=\"vc_column_container col-md-12\"><div class=\"wpb_wrapper vc_column-inner\">\r\n\t<div class=\"wpb_text_column wpb_content_element vc_custom_1563376289325 wpb_custom_7c91d232724f73626cc933bd95b25ff0\" >\r\n\t\t<div class=\"wpb_wrapper\">\r\n\t\t\t<h1 style=\"text-align: center;\"><strong>Quality Policies and Objectives!<\/strong><\/h1>\n\r\n\t\t<\/div>\r\n\t<\/div>\r\n<\/div><\/div><\/div><div class=\"vc_row wpb_row row top-row wpb_custom_034b39d9bc6c6b310d69e39f0ccf274f\"><div class=\"vc_column_container col-md-6 vc_custom_1557956732872\"><div class=\"wpb_wrapper vc_column-inner\">\r\n\t<div class=\"wpb_text_column wpb_content_element wpb_custom_7c91d232724f73626cc933bd95b25ff0\" >\r\n\t\t<div class=\"wpb_wrapper\">\r\n\t\t\t<h3><\/h3>\n<h2><strong>quality policy<\/strong><\/h2>\n<p>\u201cFornecer solu\u00e7\u00f5es em telecomunica\u00e7\u00f5es buscando sempre o atendimento aos requisitos dos clientes, com equipe capacitada e foco no crescimento e desenvolvimento da empresa com melhoria continua do Sistema de Gest\u00e3o da Qualidade.\u201d<\/p>\n<p>&nbsp;<\/p>\n<h2><strong>Quality Objectives<\/strong><\/h2>\n<p>Gamatel has established and is committed to the following objectives:<\/p>\n<ul>\n<li>Aumentar o n\u00famero de clientes que pontuam acima de 95 na pesquisa de satisfa\u00e7\u00e3o.<\/li>\n<li>Manter e aumentar o n\u00edvel de capacita\u00e7\u00e3o dos colaboradores.<\/li>\n<li>Aumentar o faturamento da empresa em 3% em rela\u00e7\u00e3o ao ano anterior.<\/li>\n<li>Incentivar a\u00e7\u00f5es de melhorias.<\/li>\n<\/ul>\n<p>&nbsp;<\/p>\n\r\n\t\t<\/div>\r\n\t<\/div>\r\n<\/div><\/div><div class=\"vc_column_container col-md-6\"><div class=\"wpb_wrapper vc_column-inner\">\r\n\t<div class=\"wpb_single_image wpb_content_element vc_align_center wpb_content_element  wpb_custom_81a4f7ef9830bf958462581aa01150fb\"><div class=\"wpb_wrapper\">\r\n\t\t\t\r\n\t\t\t<div class=\"vc_single_image-wrapper   vc_box_border_grey\"><img loading=\"lazy\" decoding=\"async\" width=\"285\" height=\"300\" src=\"https:\/\/gamatel.com.br\/wp-content\/uploads\/2019\/05\/prodfor_blue-1-285x300.jpg\" class=\"vc_single_image-img attachment-medium\" alt=\"\" title=\"Prodfor seal\" \/><\/div>\r\n\t\t<\/div>\r\n\t<\/div>\r\n<\/div><\/div><\/div><div class=\"vc_row wpb_row row top-row wpb_custom_034b39d9bc6c6b310d69e39f0ccf274f\"><div class=\"vc_column_container col-md-12\"><div class=\"wpb_wrapper vc_column-inner\">\r\n\t<div class=\"wpb_text_column wpb_content_element wpb_custom_7c91d232724f73626cc933bd95b25ff0\" >\r\n\t\t<div class=\"wpb_wrapper\">\r\n\t\t\t<h3>Environmental Policy<\/h3>\n<p>Gamatel has established and is committed to the following policy:<\/p>\n<ol>\n<li>Comply with applicable environmental legislation and other requirements proposed by the company&#039;s senior management;<\/li>\n<li>Promote continuous improvement in the environment through the control and evaluation of activities, products and services, as well as establish and revise its environmental objectives and goals;<\/li>\n<li>Ensure transparency in the company&#039;s environmental activities and actions, providing stakeholders with information on its environmental performance;<\/li>\n<li>Practice recycling and reduce water and electricity consumption, contributing to the reduction of environmental impacts through the rational use of natural resources;<\/li>\n<li>Promote awareness and involvement of its employees to act responsibly and environmentally sound.<\/li>\n<\/ol>\n<p>&nbsp;<\/p>\n<p><strong>\u00a0 \u00a0 \u00a0 \u00a0RESULTADOS INDICADORES DE MEIO AMBIENTE &#8211; 2T\/2022:\u00a0<\/strong><\/p>\n<p><strong>\u00a0 \u00a0 \u00a0 \u00a0 \u00a0 \u00a0- Environmental Training Index:<\/strong> Target set: 100% of employees - Results achieved: 100%!<\/p>\n<p><strong>\u00a0 \u00a0 \u00a0 \u00a0 \u00a0 \u00a0- Pollutant Emission Index:<\/strong> Meta de aferi\u00e7\u00e3o da frota definida: 85% &#8211; Resultado alcan\u00e7ado: 66,67% !<\/p>\n<p>&nbsp;<\/p>\n<h3>Occupational Health and Safety Policy<\/h3>\n<p>Gamatel has established and is committed to the following policy:<\/p>\n<ul>\n<li>Comply with occupational health and safety legislation;<\/li>\n<li>Educate, train and make employees aware of occupational health and safety issues;<\/li>\n<li>Acting focused on the prevention of accidents, incidents and occupational diseases, promoting, encouraging and charging the use of PPE and EPC.<\/li>\n<\/ul>\n<p>&nbsp;<\/p>\n<p><strong>\u00a0 \u00a0 \u00a0 \u00a0RESULTADOS INDICADORES DE SA\u00daDE E SEGURAN\u00c7A DO TRABALHO &#8211; 2T\/2022:\u00a0<\/strong><\/p>\n<p><strong>\u00a0 \u00a0 \u00a0 \u00a0 \u00a0 \u00a0- Accident Index at Work:<\/strong> Goal set: Zero - Result achieved: Zero accidents!<\/p>\n<p><strong>\u00a0 \u00a0 \u00a0 \u00a0 \u00a0 \u00a0- Occupational Health and Safety Training Index:<\/strong> Target set: 100% of employees - Results achieved: 100%!<\/p>\n<p>&nbsp;<\/p>\n\r\n\t\t<\/div>\r\n\t<\/div>\r\n\r\n\t<div class=\"wpb_text_column wpb_content_element wpb_custom_7c91d232724f73626cc933bd95b25ff0\" >\r\n\t\t<div class=\"wpb_wrapper\">\r\n\t\t\t<h2><\/h2>\n<h2><strong><br \/>\nCORONA VIRUS, CUIDE-SE !!!\u00a0<\/strong><\/h2>\n<p><strong>A Gamatel est\u00e1 100% comprometida em atender todas as exig\u00eancias e decretos p\u00fablicos no combate \u00e0 pandemia do COVID-19 !\u00a0 <\/strong><\/p>\n\r\n\t\t<\/div>\r\n\t<\/div>\r\n<\/div><\/div><\/div><div class=\"vc_row wpb_row row top-row wpb_custom_034b39d9bc6c6b310d69e39f0ccf274f\"><div class=\"vc_column_container col-md-12\"><div class=\"wpb_wrapper vc_column-inner\">\t\t<ul class=\"mega-info-list\" style=\"list-style-type: none; height: 100%;\">\r\n\t\t\t\t\t<\/ul>\r\n\r\n\t\t<\/div><\/div><\/div>\n<\/div>","protected":false},"excerpt":{"rendered":"Pol\u00edticas e Objetivos da Qualidade ! Pol\u00edtica da Qualidade \u201cFornecer solu\u00e7\u00f5es em telecomunica\u00e7\u00f5es buscando sempre o atendimento aos requisitos dos clientes, com equipe capacitada e foco no crescimento e desenvolvimento da empresa com melhoria continua do Sistema de Gest\u00e3o da Qualidade.\u201d &nbsp; Objetivos da Qualidade A Gamatel estabeleceu e est\u00e1 comprometida com os seguintes objetivos: [...]","protected":false},"author":1,"featured_media":0,"parent":0,"menu_order":0,"comment_status":"closed","ping_status":"closed","template":"","meta":{"om_disable_all_campaigns":false,"_monsterinsights_skip_tracking":false,"_monsterinsights_sitenote_active":false,"_monsterinsights_sitenote_note":"","_monsterinsights_sitenote_category":0,"footnotes":""},"class_list":["post-2932","page","type-page","status-publish","hentry"],"aioseo_notices":[],"_links":{"self":[{"href":"https:\/\/gamatel.com.br\/en\/wp-json\/wp\/v2\/pages\/2932","targetHints":{"allow":["GET"]}}],"collection":[{"href":"https:\/\/gamatel.com.br\/en\/wp-json\/wp\/v2\/pages"}],"about":[{"href":"https:\/\/gamatel.com.br\/en\/wp-json\/wp\/v2\/types\/page"}],"author":[{"embeddable":true,"href":"https:\/\/gamatel.com.br\/en\/wp-json\/wp\/v2\/users\/1"}],"replies":[{"embeddable":true,"href":"https:\/\/gamatel.com.br\/en\/wp-json\/wp\/v2\/comments?post=2932"}],"version-history":[{"count":40,"href":"https:\/\/gamatel.com.br\/en\/wp-json\/wp\/v2\/pages\/2932\/revisions"}],"predecessor-version":[{"id":4151,"href":"https:\/\/gamatel.com.br\/en\/wp-json\/wp\/v2\/pages\/2932\/revisions\/4151"}],"wp:attachment":[{"href":"https:\/\/gamatel.com.br\/en\/wp-json\/wp\/v2\/media?parent=2932"}],"curies":[{"name":"wp","href":"https:\/\/api.w.org\/{rel}","templated":true}]}}