{"id":3074,"date":"2019-06-04T12:22:04","date_gmt":"2019-06-04T15:22:04","guid":{"rendered":"http:\/\/gamatel.com.br\/?page_id=3074"},"modified":"2020-06-24T19:48:43","modified_gmt":"2020-06-24T22:48:43","slug":"certificado-motorola","status":"publish","type":"page","link":"https:\/\/gamatel.com.br\/en\/certificado-motorola\/","title":{"rendered":"Motorola Certified"},"content":{"rendered":"<div class=\"wpb-content-wrapper\"><div class=\"vc_row wpb_row row top-row wpb_custom_034b39d9bc6c6b310d69e39f0ccf274f\"><div class=\"vc_column_container col-md-6 vc_custom_1558029586372\"><div class=\"wpb_wrapper vc_column-inner\">\r\n\t<div class=\"wpb_single_image wpb_content_element vc_align_center wpb_content_element  wpb_custom_81a4f7ef9830bf958462581aa01150fb\"><div class=\"wpb_wrapper\">\r\n\t\t\t\r\n\t\t\t<div class=\"vc_single_image-wrapper   vc_box_border_grey\"><img loading=\"lazy\" decoding=\"async\" width=\"133\" height=\"64\" src=\"https:\/\/gamatel.com.br\/wp-content\/uploads\/2020\/06\/revenda-ouro.png\" class=\"vc_single_image-img attachment-medium\" alt=\"\" title=\"revenda-ouro\" \/><\/div>\r\n\t\t<\/div>\r\n\t<\/div>\r\n\r\n\t<div class=\"wpb_text_column wpb_content_element sub-certificado wpb_custom_7c91d232724f73626cc933bd95b25ff0\" >\r\n\t\t<div class=\"wpb_wrapper\">\r\n\t\t\t<p style=\"text-align: center;\"><em>Certificado Parceiro Motorola Gold<\/em><\/p>\n\r\n\t\t<\/div>\r\n\t<\/div>\r\n<\/div><\/div><div class=\"vc_column_container col-md-6\"><div class=\"wpb_wrapper vc_column-inner\">\r\n\t<div class=\"wpb_text_column wpb_content_element wpb_custom_7c91d232724f73626cc933bd95b25ff0\" >\r\n\t\t<div class=\"wpb_wrapper\">\r\n\t\t\t<h1 style=\"text-align: center;\"><a href=\"https:\/\/www.motorolasolutions.com\/pt_xl.html\" target=\"_blank\" rel=\"noopener noreferrer\">MOTOROLA SOLUTIONS REVENDA GOLD<\/a><\/h1>\n<p>THE <strong>GAMATEL<\/strong> is Motorola resale <strong>over 15 years ago<\/strong> e, conquistou o grau de revenda da Motorola Solutions: <strong>REVENDA GOLD. <\/strong><\/p>\n<p><strong>Gamatel <\/strong>has in its portfolio of customers, large companies and hundreds of small and medium enterprises, enjoying highly reliable professional solutions that only equipment <strong>Motorola<\/strong> have!<\/p>\n<p>With a team of engineers and dozens of technicians, it is capable of implementing advanced solutions, of any size and of last generation, in platforms of <strong>Motorola Radio Communication<\/strong>!<\/p>\n<p>We accomplished so much <strong>sale<\/strong> like <strong>leasing and implementation<\/strong> of telecommunication equipment: Radiocommunicators, Towers, Repeaters, integration with LAN, MAN, WAN, Telephone Centrals (including VoIP), Wireless Data Network. <strong>GAMATEL <\/strong>It has an engineering team to develop technical studies, consultancy and implementation of telecommunications systems.<\/p>\n<p>We highlight the <strong>services <\/strong>provided by <strong>GAMATEL<\/strong> In the area of &#039;Telecommunications Engineering&#039;: We always strive to collaborate, so that our clients can find the best solution in voice, data and image transmission systems, such as:<\/p>\n<ul>\n<li><strong>Implantation<\/strong> in <strong>projects<\/strong> <strong>radiocommunication<\/strong>;<\/li>\n<li><strong>Licensing<\/strong> radiocommunication networks with <strong>ANATEL<\/strong>;<\/li>\n<li><strong>Implantation<\/strong> telephony \/ voice projects (<strong>telephone exchanges<\/strong>), <strong>Safety <\/strong>and <strong>Solar Energy (Photovoltaic)<\/strong>;<\/li>\n<li><strong>Maintenance<\/strong> of telephone and radio communication equipment.<\/li>\n<\/ul>\n\r\n\t\t<\/div>\r\n\t<\/div>\r\n<\/div><\/div><\/div>\n<\/div>","protected":false},"excerpt":{"rendered":"Certificado Parceiro Motorola Gold MOTOROLA SOLUTIONS REVENDA GOLD A GAMATEL \u00e9 revenda Motorola h\u00e1 mais de 15 anos e, conquistou o grau de revenda da Motorola Solutions: REVENDA GOLD. A Gamatel tem em sua carteira de clientes, grandes empresas e centenas de pequenas e m\u00e9dias empresas, usufruindo de solu\u00e7\u00f5es profissionais de alt\u00edssima confiabilidade que s\u00f3 [...]","protected":false},"author":1,"featured_media":0,"parent":0,"menu_order":0,"comment_status":"closed","ping_status":"closed","template":"","meta":{"om_disable_all_campaigns":false,"_monsterinsights_skip_tracking":false,"_monsterinsights_sitenote_active":false,"_monsterinsights_sitenote_note":"","_monsterinsights_sitenote_category":0,"footnotes":""},"class_list":["post-3074","page","type-page","status-publish","hentry"],"aioseo_notices":[],"_links":{"self":[{"href":"https:\/\/gamatel.com.br\/en\/wp-json\/wp\/v2\/pages\/3074","targetHints":{"allow":["GET"]}}],"collection":[{"href":"https:\/\/gamatel.com.br\/en\/wp-json\/wp\/v2\/pages"}],"about":[{"href":"https:\/\/gamatel.com.br\/en\/wp-json\/wp\/v2\/types\/page"}],"author":[{"embeddable":true,"href":"https:\/\/gamatel.com.br\/en\/wp-json\/wp\/v2\/users\/1"}],"replies":[{"embeddable":true,"href":"https:\/\/gamatel.com.br\/en\/wp-json\/wp\/v2\/comments?post=3074"}],"version-history":[{"count":7,"href":"https:\/\/gamatel.com.br\/en\/wp-json\/wp\/v2\/pages\/3074\/revisions"}],"predecessor-version":[{"id":3998,"href":"https:\/\/gamatel.com.br\/en\/wp-json\/wp\/v2\/pages\/3074\/revisions\/3998"}],"wp:attachment":[{"href":"https:\/\/gamatel.com.br\/en\/wp-json\/wp\/v2\/media?parent=3074"}],"curies":[{"name":"wp","href":"https:\/\/api.w.org\/{rel}","templated":true}]}}