{"id":3078,"date":"2019-06-04T12:23:32","date_gmt":"2019-06-04T15:23:32","guid":{"rendered":"http:\/\/gamatel.com.br\/?page_id=3078"},"modified":"2019-07-24T14:19:55","modified_gmt":"2019-07-24T17:19:55","slug":"certificado-intelbras","status":"publish","type":"page","link":"https:\/\/gamatel.com.br\/en\/certificado-intelbras\/","title":{"rendered":"Intelbras Certificate"},"content":{"rendered":"<div class=\"wpb-content-wrapper\"><div class=\"vc_row wpb_row row top-row wpb_custom_034b39d9bc6c6b310d69e39f0ccf274f\"><div class=\"vc_column_container col-md-6 vc_custom_1558029586372\"><div class=\"wpb_wrapper vc_column-inner\">\r\n\t<div class=\"wpb_single_image wpb_content_element vc_align_center wpb_content_element  wpb_custom_81a4f7ef9830bf958462581aa01150fb\"><div class=\"wpb_wrapper\">\r\n\t\t\t\r\n\t\t\t<div class=\"vc_single_image-wrapper   vc_box_border_grey\"><img loading=\"lazy\" decoding=\"async\" width=\"300\" height=\"300\" src=\"https:\/\/gamatel.com.br\/wp-content\/uploads\/2019\/05\/nImbgzya-300x300.jpeg\" class=\"vc_single_image-img attachment-medium\" alt=\"\" title=\"Intelbras Authorized\" \/><\/div>\r\n\t\t<\/div>\r\n\t<\/div>\r\n\r\n\t<div class=\"wpb_text_column wpb_content_element sub-certificado wpb_custom_7c91d232724f73626cc933bd95b25ff0\" >\r\n\t\t<div class=\"wpb_wrapper\">\r\n\t\t\t<p style=\"text-align: center;\"><em>Intelbras Authorized Certificate<\/em><\/p>\n\r\n\t\t<\/div>\r\n\t<\/div>\r\n<\/div><\/div><div class=\"vc_column_container col-md-6\"><div class=\"wpb_wrapper vc_column-inner\">\r\n\t<div class=\"wpb_text_column wpb_content_element wpb_custom_7c91d232724f73626cc933bd95b25ff0\" >\r\n\t\t<div class=\"wpb_wrapper\">\r\n\t\t\t<h1 style=\"text-align: center;\"><\/h1>\n<p>THE <strong>GAMATEL<\/strong> It has been reselling Intelbras for over 30 years and has earned the trust and partnership of the largest Brazilian telecommunications industry: <strong>INTELBRAS. #tamosjuntosha + 30years !!!<\/strong><\/p>\n<p>We are a team of engineers and dozens of technicians, capable of implementing advanced solutions, any size and state-of-the-art telecommunications platforms, CallCenters, Security systems, Access Control and now Solar Energy solutions!<\/p>\n<p>We accomplished so much <strong>sale<\/strong> like <strong>leasing and implementation<\/strong> telecommunication equipment: Next generation telephone exchanges (all sizes), Towers, Repeaters, LAN, MAN, WAN integration, VoIP solutions, including Wireless Data Network. <strong>GAMATEL <\/strong>It has an engineering team to develop technical studies, consultancy and implementation of telecommunications systems.<\/p>\n<p>We highlight the <strong>services <\/strong>provided by <strong>GAMATEL<\/strong> Telecommunications Engineering area, always seeking to help our clients find the best solution in voice, data and image transmission systems, such as:<\/p>\n<ul>\n<li><strong>Implantation<\/strong> in <strong>projects<\/strong> <strong>radiocommunication<\/strong>;<\/li>\n<li><strong>Licensing<\/strong> radiocommunication networks with <strong>ANATEL<\/strong>;<\/li>\n<li><strong>Implantation<\/strong> telephony \/ voice projects (<strong>telephone exchanges<\/strong>), <strong>Safety <\/strong>and <strong>Solar Energy (Photovoltaic)<\/strong>;<\/li>\n<li><strong>Maintenance<\/strong> of telephone and radio communication equipment.<\/li>\n<\/ul>\n\r\n\t\t<\/div>\r\n\t<\/div>\r\n<\/div><\/div><\/div>\n<\/div>","protected":false},"excerpt":{"rendered":"Certificado Autorizado Intelbras A GAMATEL \u00e9 revenda Intelbras h\u00e1 mais de 30 anos e, conquistou a confian\u00e7a e a parceria da maior ind\u00fastria brasileira de telecomunica\u00e7\u00f5es: INTELBRAS. \u00a0\u00a0#tamosjuntosha+30anos !!! Somos uma equipe formada por engenheiros e dezenas de t\u00e9cnicos, capacitada a realizar implementa\u00e7\u00f5es de solu\u00e7\u00f5es avan\u00e7adas, qualquer porte e, de \u00faltima gera\u00e7\u00e3o de plataformas de [...]","protected":false},"author":1,"featured_media":0,"parent":0,"menu_order":0,"comment_status":"closed","ping_status":"closed","template":"","meta":{"om_disable_all_campaigns":false,"_monsterinsights_skip_tracking":false,"_monsterinsights_sitenote_active":false,"_monsterinsights_sitenote_note":"","_monsterinsights_sitenote_category":0,"footnotes":""},"class_list":["post-3078","page","type-page","status-publish","hentry"],"aioseo_notices":[],"_links":{"self":[{"href":"https:\/\/gamatel.com.br\/en\/wp-json\/wp\/v2\/pages\/3078","targetHints":{"allow":["GET"]}}],"collection":[{"href":"https:\/\/gamatel.com.br\/en\/wp-json\/wp\/v2\/pages"}],"about":[{"href":"https:\/\/gamatel.com.br\/en\/wp-json\/wp\/v2\/types\/page"}],"author":[{"embeddable":true,"href":"https:\/\/gamatel.com.br\/en\/wp-json\/wp\/v2\/users\/1"}],"replies":[{"embeddable":true,"href":"https:\/\/gamatel.com.br\/en\/wp-json\/wp\/v2\/comments?post=3078"}],"version-history":[{"count":6,"href":"https:\/\/gamatel.com.br\/en\/wp-json\/wp\/v2\/pages\/3078\/revisions"}],"predecessor-version":[{"id":3666,"href":"https:\/\/gamatel.com.br\/en\/wp-json\/wp\/v2\/pages\/3078\/revisions\/3666"}],"wp:attachment":[{"href":"https:\/\/gamatel.com.br\/en\/wp-json\/wp\/v2\/media?parent=3078"}],"curies":[{"name":"wp","href":"https:\/\/api.w.org\/{rel}","templated":true}]}}