{"id":3189,"date":"2019-06-07T12:10:27","date_gmt":"2019-06-07T15:10:27","guid":{"rendered":"http:\/\/gamatel.com.br\/?page_id=3189"},"modified":"2019-12-18T15:35:09","modified_gmt":"2019-12-18T18:35:09","slug":"cases-de-sucesso-samarco","status":"publish","type":"page","link":"https:\/\/gamatel.com.br\/en\/cases-de-sucesso-samarco\/","title":{"rendered":"Success Cases - Samarco"},"content":{"rendered":"<div class=\"wpb-content-wrapper\"><div class=\"vc_row wpb_row row top-row wpb_custom_034b39d9bc6c6b310d69e39f0ccf274f\"><div class=\"vc_column_container col-md-6 vc_custom_1558029586372\"><div class=\"wpb_wrapper vc_column-inner\">\r\n\t<div class=\"wpb_single_image wpb_content_element vc_align_center wpb_content_element  wpb_custom_81a4f7ef9830bf958462581aa01150fb\"><div class=\"wpb_wrapper\">\r\n\t\t\t\r\n\t\t\t<a class=\"prettyphoto\" data-rel=\"prettyPhoto[rel-3189-3910864470]\" href=\"https:\/\/gamatel.com.br\/wp-content\/uploads\/2019\/06\/SAMARCO-1copia-e1559922552450.jpg\" target=\"_self\"><div class=\"vc_single_image-wrapper vc_box_border  vc_box_border_black\"><img decoding=\"async\" class=\"vc_single_image-img \" src=\"https:\/\/gamatel.com.br\/wp-content\/uploads\/2019\/06\/SAMARCO-1copia-e1559922552450.jpg\" width=\"400\" height=\"295\" alt=\"Case Samarco - Site Germano\" title=\"Case Samarco - Site Germano\" loading=\"lazy\" \/><\/div><\/a>\r\n\t\t<\/div>\r\n\t<\/div>\r\n<\/div><\/div><div class=\"vc_column_container col-md-6\"><div class=\"wpb_wrapper vc_column-inner\"><div class=\"vc_empty_space\"   style=\"height: 70px\"><span class=\"vc_empty_space_inner\"><\/span><\/div>\r\n\t<div class=\"wpb_text_column wpb_content_element wpb_custom_7c91d232724f73626cc933bd95b25ff0\" >\r\n\t\t<div class=\"wpb_wrapper\">\r\n\t\t\t<h3>Uma Mineradora Comprometida com a Seguran\u00e7a<\/h3>\n<p>A opera\u00e7\u00e3o de uma mineradora \u00e9 100% dependente de um sistema de radiocomunica\u00e7\u00e3o, em fun\u00e7\u00e3o da seguran\u00e7a de seus trabalhadores, comunidade e efici\u00eancia em suas atividades que exigem respostas imediatas atrav\u00e9s de conectividade full time e sem falhas!<\/p>\n\r\n\t\t<\/div>\r\n\t<\/div>\r\n<\/div><\/div><\/div><div class=\"vc_row wpb_row row top-row wpb_custom_034b39d9bc6c6b310d69e39f0ccf274f\"><div class=\"vc_column_container col-md-6 vc_custom_1558029586372\"><div class=\"wpb_wrapper vc_column-inner\">\r\n\t<div class=\"wpb_text_column wpb_content_element wpb_custom_7c91d232724f73626cc933bd95b25ff0\" >\r\n\t\t<div class=\"wpb_wrapper\">\r\n\t\t\t<h3>Provedor de Servi\u00e7o Comprometido com o Cliente<\/h3>\n<p>H\u00e1\u00a0 10 (dez) anos, a Gamatel vem mantendo em alt\u00edssima disponibilidade na mineradora Samarco, a solu\u00e7\u00e3o de radiocomunica\u00e7\u00e3o Motorola na casa dos 99,99%, com uma robusta topologia de rede (conforme figura), equipe altamente qualificada com certifica\u00e7\u00e3o Motorola e processos robustos tamb\u00e9m certificados pelo programa PRODFOR de qualidade total !<\/p>\n\r\n\t\t<\/div>\r\n\t<\/div>\r\n<\/div><\/div><div class=\"vc_column_container col-md-6\"><div class=\"wpb_wrapper vc_column-inner\">\r\n\t<div class=\"wpb_single_image wpb_content_element vc_align_center wpb_content_element  vc_custom_1560111053791 wpb_custom_81a4f7ef9830bf958462581aa01150fb\"><div class=\"wpb_wrapper\">\r\n\t\t\t\r\n\t\t\t<a class=\"prettyphoto\" data-rel=\"prettyPhoto[rel-3189-2767779532]\" href=\"https:\/\/gamatel.com.br\/wp-content\/uploads\/2019\/06\/SAMARCO-2copia.jpg\" target=\"_self\"><div class=\"vc_single_image-wrapper vc_box_border  vc_box_border_black\"><img decoding=\"async\" class=\"vc_single_image-img \" src=\"https:\/\/gamatel.com.br\/wp-content\/uploads\/2019\/06\/SAMARCO-2copia-400x295.jpg\" width=\"400\" height=\"295\" alt=\"Case Samarco - Site Ubu\" title=\"Case Samarco - Site Ubu\" loading=\"lazy\" \/><\/div><\/a>\r\n\t\t<\/div>\r\n\t<\/div>\r\n<\/div><\/div><\/div><div class=\"vc_row wpb_row row top-row wpb_custom_034b39d9bc6c6b310d69e39f0ccf274f\"><div class=\"vc_column_container col-md-3\"><div class=\"wpb_wrapper vc_column-inner\">\r\n\t<div class=\"wpb_single_image wpb_content_element vc_align_center wpb_content_element  wpb_custom_81a4f7ef9830bf958462581aa01150fb\"><div class=\"wpb_wrapper\">\r\n\t\t\t\r\n\t\t\t<div class=\"vc_single_image-wrapper   vc_box_border_grey\"><img decoding=\"async\" class=\"vc_single_image-img \" src=\"https:\/\/gamatel.com.br\/wp-content\/uploads\/2019\/04\/samarco-share-png-1-200x36.png\" width=\"200\" height=\"36\" alt=\"samarco-share-png\" title=\"samarco-share-png\" loading=\"lazy\" \/><\/div>\r\n\t\t<\/div>\r\n\t<\/div>\r\n\r\n\t<div class=\"wpb_single_image wpb_content_element vc_align_center wpb_content_element  vc_custom_1559923340796 wpb_custom_81a4f7ef9830bf958462581aa01150fb\"><div class=\"wpb_wrapper\">\r\n\t\t\t\r\n\t\t\t<div class=\"vc_single_image-wrapper   vc_box_border_grey\"><img decoding=\"async\" class=\"vc_single_image-img \" src=\"https:\/\/gamatel.com.br\/wp-content\/uploads\/2019\/06\/miniselos-200x156.png\" width=\"200\" height=\"156\" alt=\"miniselos\" title=\"miniselos\" loading=\"lazy\" \/><\/div>\r\n\t\t<\/div>\r\n\t<\/div>\r\n<\/div><\/div><div class=\"vc_column_container col-md-9\"><div class=\"wpb_wrapper vc_column-inner\">\r\n\t<div class=\"wpb_text_column wpb_content_element wpb_custom_7c91d232724f73626cc933bd95b25ff0\" >\r\n\t\t<div class=\"wpb_wrapper\">\r\n\t\t\t<p><strong>Sistema:<\/strong>\u00a0comunica\u00e7\u00e3o via r\u00e1dios anal\u00f3gicos Motorola e repetidoras digitais\/anal\u00f3gico linha MOTOTRBO;<br \/>\n<strong>Cobertura:<\/strong>\u00a002 sites, com diversas repetidoras, 1714 de r\u00e1dios (no pico), torres, sistema de energia;<\/p>\n<p><strong>Fun\u00e7\u00f5es:<\/strong>\u00a0Chamadas de voz, canais de comunica\u00e7\u00e3o e identifica\u00e7\u00e3o de r\u00e1dios na rede;<br \/>\n<strong>Destaques:<\/strong>\u00a0Manuten\u00e7\u00e3o classe mundial e outsourcing;<br \/>\n<strong>Ano \/ Local:<\/strong> Cliente desde 2009 \/ Mariana\/MG e Anchieta\/ES<\/p>\n\r\n\t\t<\/div>\r\n\t<\/div>\r\n<\/div><\/div><\/div>\n<\/div>","protected":false},"excerpt":{"rendered":"Uma Mineradora Comprometida com a Seguran\u00e7a A opera\u00e7\u00e3o de uma mineradora \u00e9 100% dependente de um sistema de radiocomunica\u00e7\u00e3o, em fun\u00e7\u00e3o da seguran\u00e7a de seus trabalhadores, comunidade e efici\u00eancia em suas atividades que exigem respostas imediatas atrav\u00e9s de conectividade full time e sem falhas! Provedor de Servi\u00e7o Comprometido com o Cliente H\u00e1\u00a0 10 (dez) anos, [...]","protected":false},"author":1,"featured_media":0,"parent":0,"menu_order":0,"comment_status":"closed","ping_status":"closed","template":"","meta":{"om_disable_all_campaigns":false,"_monsterinsights_skip_tracking":false,"_monsterinsights_sitenote_active":false,"_monsterinsights_sitenote_note":"","_monsterinsights_sitenote_category":0,"footnotes":""},"class_list":["post-3189","page","type-page","status-publish","hentry"],"aioseo_notices":[],"_links":{"self":[{"href":"https:\/\/gamatel.com.br\/en\/wp-json\/wp\/v2\/pages\/3189","targetHints":{"allow":["GET"]}}],"collection":[{"href":"https:\/\/gamatel.com.br\/en\/wp-json\/wp\/v2\/pages"}],"about":[{"href":"https:\/\/gamatel.com.br\/en\/wp-json\/wp\/v2\/types\/page"}],"author":[{"embeddable":true,"href":"https:\/\/gamatel.com.br\/en\/wp-json\/wp\/v2\/users\/1"}],"replies":[{"embeddable":true,"href":"https:\/\/gamatel.com.br\/en\/wp-json\/wp\/v2\/comments?post=3189"}],"version-history":[{"count":27,"href":"https:\/\/gamatel.com.br\/en\/wp-json\/wp\/v2\/pages\/3189\/revisions"}],"predecessor-version":[{"id":3866,"href":"https:\/\/gamatel.com.br\/en\/wp-json\/wp\/v2\/pages\/3189\/revisions\/3866"}],"wp:attachment":[{"href":"https:\/\/gamatel.com.br\/en\/wp-json\/wp\/v2\/media?parent=3189"}],"curies":[{"name":"wp","href":"https:\/\/api.w.org\/{rel}","templated":true}]}}