{"id":3246,"date":"2019-06-09T16:41:15","date_gmt":"2019-06-09T19:41:15","guid":{"rendered":"http:\/\/gamatel.com.br\/?page_id=3246"},"modified":"2019-12-18T15:37:54","modified_gmt":"2019-12-18T18:37:54","slug":"cases-de-sucesso-suzano","status":"publish","type":"page","link":"https:\/\/gamatel.com.br\/en\/cases-de-sucesso-suzano\/","title":{"rendered":"Success Cases - Suzano"},"content":{"rendered":"<div class=\"wpb-content-wrapper\"><div class=\"vc_row wpb_row row top-row wpb_custom_034b39d9bc6c6b310d69e39f0ccf274f\"><div class=\"vc_column_container col-md-6\"><div class=\"wpb_wrapper vc_column-inner\">\r\n\t<div class=\"wpb_single_image wpb_content_element vc_align_center wpb_content_element  vc_custom_1560109482033 wpb_custom_81a4f7ef9830bf958462581aa01150fb\"><div class=\"wpb_wrapper\">\r\n\t\t\t\r\n\t\t\t<a class=\"prettyphoto\" data-rel=\"prettyPhoto[rel-3246-587370736]\" href=\"https:\/\/gamatel.com.br\/wp-content\/uploads\/2019\/06\/suzano1.png\" target=\"_self\"><div class=\"vc_single_image-wrapper vc_box_border  vc_box_border_black\"><img decoding=\"async\" class=\"vc_single_image-img \" src=\"https:\/\/gamatel.com.br\/wp-content\/uploads\/2019\/06\/suzano1-415x295.png\" width=\"415\" height=\"295\" alt=\"Case Suzano - Site F\u00e1brica Aracruz\" title=\"Case Suzano - Site F\u00e1brica Aracruz\" loading=\"lazy\" \/><\/div><\/a>\r\n\t\t<\/div>\r\n\t<\/div>\r\n<\/div><\/div><div class=\"vc_column_container col-md-6\"><div class=\"wpb_wrapper vc_column-inner\"><div class=\"vc_empty_space\"   style=\"height: 70px\"><span class=\"vc_empty_space_inner\"><\/span><\/div>\r\n\t<div class=\"wpb_text_column wpb_content_element wpb_custom_7c91d232724f73626cc933bd95b25ff0\" >\r\n\t\t<div class=\"wpb_wrapper\">\r\n\t\t\t<h3>Sistema de radiocomunica\u00e7\u00e3o com reconhecimento mundial<\/h3>\n<p>Para uma opera\u00e7\u00e3o industrial de celulose 100% eficaz, \u00e9 vital um sistema de radiocomunica\u00e7\u00e3o com reconhecimento mundial em qualidade e robustez, visto que em fun\u00e7\u00e3o da seguran\u00e7a de seus trabalhadores e efici\u00eancia em suas atividades exigirem respostas imediatas atrav\u00e9s de conectividade\u00a0 sem falhas!<\/p>\n\r\n\t\t<\/div>\r\n\t<\/div>\r\n<\/div><\/div><\/div><div class=\"vc_row wpb_row row top-row wpb_custom_034b39d9bc6c6b310d69e39f0ccf274f\"><div class=\"vc_column_container col-md-6 vc_custom_1558029586372\"><div class=\"wpb_wrapper vc_column-inner\">\r\n\t<div class=\"wpb_text_column wpb_content_element wpb_custom_7c91d232724f73626cc933bd95b25ff0\" >\r\n\t\t<div class=\"wpb_wrapper\">\r\n\t\t\t<h3>Parceria de 15 anos<\/h3>\n<p>H\u00e1\u00a0 15 (quinze) anos, a Gamatel vem mantendo em alt\u00edssima disponibilidade na Suzano, a solu\u00e7\u00e3o de radiocomunica\u00e7\u00e3o Motorola na casa dos \u201cquatro noves\u201d, 99,99% ! Para isso, s\u00e3o necess\u00e1rios muito trabalho e respeito! Contar com uma robusta topologia de rede (conforme figura), equipe altamente qualificada (com certifica\u00e7\u00e3o Motorola) e processos robustos de qualidade total (certificados pelo programa PRODFOR) !<\/p>\n\r\n\t\t<\/div>\r\n\t<\/div>\r\n<\/div><\/div><div class=\"vc_column_container col-md-6\"><div class=\"wpb_wrapper vc_column-inner\">\r\n\t<div class=\"wpb_single_image wpb_content_element vc_align_center wpb_content_element  vc_custom_1560109416595 wpb_custom_81a4f7ef9830bf958462581aa01150fb\"><div class=\"wpb_wrapper\">\r\n\t\t\t\r\n\t\t\t<a class=\"prettyphoto\" data-rel=\"prettyPhoto[rel-3246-3153999928]\" href=\"https:\/\/gamatel.com.br\/wp-content\/uploads\/2019\/06\/suzano1.jpg\" target=\"_self\"><div class=\"vc_single_image-wrapper vc_box_border  vc_box_border_black\"><img decoding=\"async\" class=\"vc_single_image-img \" src=\"https:\/\/gamatel.com.br\/wp-content\/uploads\/2019\/06\/suzano1-400x243.jpg\" width=\"400\" height=\"243\" alt=\"Case Suzano - Sites Similares\" title=\"Case Suzano - Sites Similares\" loading=\"lazy\" \/><\/div><\/a>\r\n\t\t<\/div>\r\n\t<\/div>\r\n<\/div><\/div><\/div><div class=\"vc_row wpb_row row top-row wpb_custom_034b39d9bc6c6b310d69e39f0ccf274f\"><div class=\"vc_column_container col-md-3\"><div class=\"wpb_wrapper vc_column-inner\">\r\n\t<div class=\"wpb_single_image wpb_content_element vc_align_center wpb_content_element  wpb_custom_81a4f7ef9830bf958462581aa01150fb\"><div class=\"wpb_wrapper\">\r\n\t\t\t\r\n\t\t\t<div class=\"vc_single_image-wrapper   vc_box_border_grey\"><img decoding=\"async\" class=\"vc_single_image-img \" src=\"https:\/\/gamatel.com.br\/wp-content\/uploads\/2019\/04\/fggghhh33333suzano-200x36.jpeg\" width=\"200\" height=\"36\" alt=\"fggghhh33333suzano\" title=\"fggghhh33333suzano\" loading=\"lazy\" \/><\/div>\r\n\t\t<\/div>\r\n\t<\/div>\r\n\r\n\t<div class=\"wpb_single_image wpb_content_element vc_align_center wpb_content_element  vc_custom_1559923340796 wpb_custom_81a4f7ef9830bf958462581aa01150fb\"><div class=\"wpb_wrapper\">\r\n\t\t\t\r\n\t\t\t<div class=\"vc_single_image-wrapper   vc_box_border_grey\"><img decoding=\"async\" class=\"vc_single_image-img \" src=\"https:\/\/gamatel.com.br\/wp-content\/uploads\/2019\/06\/miniselos-200x156.png\" width=\"200\" height=\"156\" alt=\"miniselos\" title=\"miniselos\" loading=\"lazy\" \/><\/div>\r\n\t\t<\/div>\r\n\t<\/div>\r\n<\/div><\/div><div class=\"vc_column_container col-md-9\"><div class=\"wpb_wrapper vc_column-inner\">\r\n\t<div class=\"wpb_text_column wpb_content_element wpb_custom_7c91d232724f73626cc933bd95b25ff0\" >\r\n\t\t<div class=\"wpb_wrapper\">\r\n\t\t\t<p><strong>Sistema:<\/strong>\u00a0comunica\u00e7\u00e3o via r\u00e1dios anal\u00f3gicos Motorola e repetidoras digitais\/anal\u00f3gico linha MOTOTRBO;<br \/>\n<strong>Cobertura:<\/strong>\u00a004 sites, com diversas repetidoras, 750 de r\u00e1dios, torres, sistema de energia;<\/p>\n<p><strong>Fun\u00e7\u00f5es:<\/strong>\u00a0Chamadas de voz, canais de comunica\u00e7\u00e3o e identifica\u00e7\u00e3o de r\u00e1dios na rede;<br \/>\n<strong>Destaques:<\/strong>\u00a0Manuten\u00e7\u00e3o classe mundial e outsourcing;<br \/>\n<strong>Ano \/ Local: Cliente desde 2004<\/strong>\u00a0\/ Aracruz\/ES, S\u00e3o Mateus\/ES, Posto da Mata\/BA e regi\u00f5es adjacentes.<\/p>\n<p>&nbsp;<\/p>\n\r\n\t\t<\/div>\r\n\t<\/div>\r\n<\/div><\/div><\/div>\n<\/div>","protected":false},"excerpt":{"rendered":"Sistema de radiocomunica\u00e7\u00e3o com reconhecimento mundial Para uma opera\u00e7\u00e3o industrial de celulose 100% eficaz, \u00e9 vital um sistema de radiocomunica\u00e7\u00e3o com reconhecimento mundial em qualidade e robustez, visto que em fun\u00e7\u00e3o da seguran\u00e7a de seus trabalhadores e efici\u00eancia em suas atividades exigirem respostas imediatas atrav\u00e9s de conectividade\u00a0 sem falhas! Parceria de 15 anos H\u00e1\u00a0 15 [...]","protected":false},"author":1,"featured_media":0,"parent":0,"menu_order":0,"comment_status":"closed","ping_status":"closed","template":"","meta":{"om_disable_all_campaigns":false,"_monsterinsights_skip_tracking":false,"_monsterinsights_sitenote_active":false,"_monsterinsights_sitenote_note":"","_monsterinsights_sitenote_category":0,"footnotes":""},"class_list":["post-3246","page","type-page","status-publish","hentry"],"aioseo_notices":[],"_links":{"self":[{"href":"https:\/\/gamatel.com.br\/en\/wp-json\/wp\/v2\/pages\/3246","targetHints":{"allow":["GET"]}}],"collection":[{"href":"https:\/\/gamatel.com.br\/en\/wp-json\/wp\/v2\/pages"}],"about":[{"href":"https:\/\/gamatel.com.br\/en\/wp-json\/wp\/v2\/types\/page"}],"author":[{"embeddable":true,"href":"https:\/\/gamatel.com.br\/en\/wp-json\/wp\/v2\/users\/1"}],"replies":[{"embeddable":true,"href":"https:\/\/gamatel.com.br\/en\/wp-json\/wp\/v2\/comments?post=3246"}],"version-history":[{"count":8,"href":"https:\/\/gamatel.com.br\/en\/wp-json\/wp\/v2\/pages\/3246\/revisions"}],"predecessor-version":[{"id":3867,"href":"https:\/\/gamatel.com.br\/en\/wp-json\/wp\/v2\/pages\/3246\/revisions\/3867"}],"wp:attachment":[{"href":"https:\/\/gamatel.com.br\/en\/wp-json\/wp\/v2\/media?parent=3246"}],"curies":[{"name":"wp","href":"https:\/\/api.w.org\/{rel}","templated":true}]}}