{"id":3256,"date":"2019-06-09T16:56:11","date_gmt":"2019-06-09T19:56:11","guid":{"rendered":"http:\/\/gamatel.com.br\/?page_id=3256"},"modified":"2019-12-18T15:48:01","modified_gmt":"2019-12-18T18:48:01","slug":"cases-de-sucesso-portocel","status":"publish","type":"page","link":"https:\/\/gamatel.com.br\/en\/cases-de-sucesso-portocel\/","title":{"rendered":"Success Cases - Portocel"},"content":{"rendered":"<div class=\"wpb-content-wrapper\"><div class=\"vc_row wpb_row row top-row wpb_custom_034b39d9bc6c6b310d69e39f0ccf274f\"><div class=\"vc_column_container col-md-6 vc_custom_1558029586372\"><div class=\"wpb_wrapper vc_column-inner\">\r\n\t<div class=\"wpb_single_image wpb_content_element vc_align_center wpb_content_element  wpb_custom_81a4f7ef9830bf958462581aa01150fb\"><div class=\"wpb_wrapper\">\r\n\t\t\t\r\n\t\t\t<a class=\"prettyphoto\" data-rel=\"prettyPhoto[rel-3256-2210796333]\" href=\"https:\/\/gamatel.com.br\/wp-content\/uploads\/2019\/06\/portocel1.jpg\" target=\"_self\"><div class=\"vc_single_image-wrapper vc_box_border  vc_box_border_black\"><img decoding=\"async\" class=\"vc_single_image-img \" src=\"https:\/\/gamatel.com.br\/wp-content\/uploads\/2019\/06\/portocel1.jpg\" width=\"800\" height=\"450\" alt=\"Case Portocel\" title=\"Case Portocel\" loading=\"lazy\" \/><\/div><\/a>\r\n\t\t<\/div>\r\n\t<\/div>\r\n<\/div><\/div><div class=\"vc_column_container col-md-6\"><div class=\"wpb_wrapper vc_column-inner\"><div class=\"vc_empty_space\"   style=\"height: 70px\"><span class=\"vc_empty_space_inner\"><\/span><\/div>\r\n\t<div class=\"wpb_text_column wpb_content_element wpb_custom_7c91d232724f73626cc933bd95b25ff0\" >\r\n\t\t<div class=\"wpb_wrapper\">\r\n\t\t\t<h3>Uma Opera\u00e7\u00e3o Portu\u00e1ria 100% Eficaz<\/h3>\n<p>Para uma opera\u00e7\u00e3o portu\u00e1ria 100% eficaz, \u00e9 de extrema import\u00e2ncia um sistema de radiocomunica\u00e7\u00e3o moderno e de \u00faltima gera\u00e7\u00e3o, com uma marca de reconhecimento mundial em qualidade e robustez, visto que em fun\u00e7\u00e3o da seguran\u00e7a de seus trabalhadores e efici\u00eancia em suas atividades exigirem respostas imediatas atrav\u00e9s de conectividade e sem falhas!\u00a0 Nesta solu\u00e7\u00e3o, com apenas duas repetidoras o sistema \u00e9 capaz multiplicar sua capacidade em n\u00famero de r\u00e1dios, canais de comunica\u00e7\u00e3o e grupos de usu\u00e1rios, al\u00e9m de melhoria da j\u00e1 consagrada qualidade de \u00e1udio Motorola e privacidade, conferida pela tecnologia digital DMR II, MOTOTRBO Capacity Plus Single Site.<\/p>\n<p>H\u00e1\u00a0 15 (quinze) anos, a Gamatel vem mantendo em alt\u00edssima disponibilidade na Portocel, a solu\u00e7\u00e3o de radiocomunica\u00e7\u00e3o Motorola na casa dos \u201cquatro noves\u201d, 99,99%! Para isso, s\u00e3o necess\u00e1rios muito trabalho e respeito! Contar com uma robusta topologia de rede (conforme figura), equipe altamente qualificada (com certifica\u00e7\u00e3o Motorola) e processos robustos de qualidade total\u00a0 (certificados pelo programa PRODFOR) !<\/p>\n\r\n\t\t<\/div>\r\n\t<\/div>\r\n<\/div><\/div><\/div><div class=\"vc_row wpb_row row top-row wpb_custom_034b39d9bc6c6b310d69e39f0ccf274f\"><div class=\"vc_column_container col-md-3\"><div class=\"wpb_wrapper vc_column-inner\">\r\n\t<div class=\"wpb_single_image wpb_content_element vc_align_center wpb_content_element  wpb_custom_81a4f7ef9830bf958462581aa01150fb\"><div class=\"wpb_wrapper\">\r\n\t\t\t\r\n\t\t\t<div class=\"vc_single_image-wrapper   vc_box_border_grey\"><img decoding=\"async\" class=\"vc_single_image-img \" src=\"https:\/\/gamatel.com.br\/wp-content\/uploads\/2019\/05\/Logotipo-campanha_-200x83.png\" width=\"200\" height=\"83\" alt=\"Logotipo campanha_\" title=\"Logotipo campanha_\" loading=\"lazy\" \/><\/div>\r\n\t\t<\/div>\r\n\t<\/div>\r\n\r\n\t<div class=\"wpb_single_image wpb_content_element vc_align_center wpb_content_element  vc_custom_1559923340796 wpb_custom_81a4f7ef9830bf958462581aa01150fb\"><div class=\"wpb_wrapper\">\r\n\t\t\t\r\n\t\t\t<div class=\"vc_single_image-wrapper   vc_box_border_grey\"><img decoding=\"async\" class=\"vc_single_image-img \" src=\"https:\/\/gamatel.com.br\/wp-content\/uploads\/2019\/06\/miniselos-200x156.png\" width=\"200\" height=\"156\" alt=\"miniselos\" title=\"miniselos\" loading=\"lazy\" \/><\/div>\r\n\t\t<\/div>\r\n\t<\/div>\r\n<\/div><\/div><div class=\"vc_column_container col-md-9\"><div class=\"wpb_wrapper vc_column-inner\">\r\n\t<div class=\"wpb_text_column wpb_content_element wpb_custom_7c91d232724f73626cc933bd95b25ff0\" >\r\n\t\t<div class=\"wpb_wrapper\">\r\n\t\t\t<p><strong>Sistema:<\/strong>\u00a0Comunica\u00e7\u00e3o via r\u00e1dios digitais Motorola e repetidoras digitais, linha MOTOTRBO;<br \/>\n<strong>Cobertura:<\/strong>\u00a001 site com 02 repetidoras, 160 de r\u00e1dios e sistema de energia;<\/p>\n<p><strong>Fun\u00e7\u00f5es:<\/strong> Chamadas de voz, grupos de conversa\u00e7\u00e3o, grava\u00e7\u00e3o de \u00e1udio da rede e monitoramento de performance;<br \/>\n<strong>Destaques:<\/strong>\u00a0Manuten\u00e7\u00e3o classe mundial e outsourcing;<br \/>\n<strong>Ano \/ Local:<\/strong> Cliente desde 2012 \/ Barra do Riacho &#8211; Aracruz\/ES.<\/p>\n\r\n\t\t<\/div>\r\n\t<\/div>\r\n<\/div><\/div><\/div>\n<\/div>","protected":false},"excerpt":{"rendered":"Uma Opera\u00e7\u00e3o Portu\u00e1ria 100% Eficaz Para uma opera\u00e7\u00e3o portu\u00e1ria 100% eficaz, \u00e9 de extrema import\u00e2ncia um sistema de radiocomunica\u00e7\u00e3o moderno e de \u00faltima gera\u00e7\u00e3o, com uma marca de reconhecimento mundial em qualidade e robustez, visto que em fun\u00e7\u00e3o da seguran\u00e7a de seus trabalhadores e efici\u00eancia em suas atividades exigirem respostas imediatas atrav\u00e9s de conectividade e [...]","protected":false},"author":1,"featured_media":0,"parent":0,"menu_order":0,"comment_status":"closed","ping_status":"closed","template":"","meta":{"om_disable_all_campaigns":false,"_monsterinsights_skip_tracking":false,"_monsterinsights_sitenote_active":false,"_monsterinsights_sitenote_note":"","_monsterinsights_sitenote_category":0,"footnotes":""},"class_list":["post-3256","page","type-page","status-publish","hentry"],"aioseo_notices":[],"_links":{"self":[{"href":"https:\/\/gamatel.com.br\/en\/wp-json\/wp\/v2\/pages\/3256","targetHints":{"allow":["GET"]}}],"collection":[{"href":"https:\/\/gamatel.com.br\/en\/wp-json\/wp\/v2\/pages"}],"about":[{"href":"https:\/\/gamatel.com.br\/en\/wp-json\/wp\/v2\/types\/page"}],"author":[{"embeddable":true,"href":"https:\/\/gamatel.com.br\/en\/wp-json\/wp\/v2\/users\/1"}],"replies":[{"embeddable":true,"href":"https:\/\/gamatel.com.br\/en\/wp-json\/wp\/v2\/comments?post=3256"}],"version-history":[{"count":6,"href":"https:\/\/gamatel.com.br\/en\/wp-json\/wp\/v2\/pages\/3256\/revisions"}],"predecessor-version":[{"id":3871,"href":"https:\/\/gamatel.com.br\/en\/wp-json\/wp\/v2\/pages\/3256\/revisions\/3871"}],"wp:attachment":[{"href":"https:\/\/gamatel.com.br\/en\/wp-json\/wp\/v2\/media?parent=3256"}],"curies":[{"name":"wp","href":"https:\/\/api.w.org\/{rel}","templated":true}]}}