{"id":3445,"date":"2019-06-23T11:26:05","date_gmt":"2019-06-23T14:26:05","guid":{"rendered":"http:\/\/gamatel.com.br\/?page_id=3445"},"modified":"2019-12-18T15:42:21","modified_gmt":"2019-12-18T18:42:21","slug":"cases-de-sucesso-bandes","status":"publish","type":"page","link":"https:\/\/gamatel.com.br\/en\/cases-de-sucesso-bandes\/","title":{"rendered":"Success Cases - Bands"},"content":{"rendered":"<div class=\"wpb-content-wrapper\"><div class=\"vc_row wpb_row row top-row wpb_custom_034b39d9bc6c6b310d69e39f0ccf274f\"><div class=\"vc_column_container col-md-6 vc_custom_1558029586372\"><div class=\"wpb_wrapper vc_column-inner\">\r\n\t<div class=\"wpb_single_image wpb_content_element vc_align_center wpb_content_element  wpb_custom_81a4f7ef9830bf958462581aa01150fb\"><div class=\"wpb_wrapper\">\r\n\t\t\t\r\n\t\t\t<a class=\"prettyphoto\" data-rel=\"prettyPhoto[rel-3445-4094068275]\" href=\"https:\/\/gamatel.com.br\/wp-content\/uploads\/2019\/06\/bandes-1.jpg\" target=\"_self\"><div class=\"vc_single_image-wrapper vc_box_border  vc_box_border_black\"><img decoding=\"async\" class=\"vc_single_image-img \" src=\"https:\/\/gamatel.com.br\/wp-content\/uploads\/2019\/06\/bandes-1.jpg\" width=\"846\" height=\"645\" alt=\"bandes 1\" title=\"bandes 1\" loading=\"lazy\" \/><\/div><\/a>\r\n\t\t<\/div>\r\n\t<\/div>\r\n<\/div><\/div><div class=\"vc_column_container col-md-6\"><div class=\"wpb_wrapper vc_column-inner\"><div class=\"vc_empty_space\"   style=\"height: 70px\"><span class=\"vc_empty_space_inner\"><\/span><\/div>\r\n\t<div class=\"wpb_text_column wpb_content_element wpb_custom_7c91d232724f73626cc933bd95b25ff0\" >\r\n\t\t<div class=\"wpb_wrapper\">\r\n\t\t\t<h3>Um Banco Com Responsabilidade Social e Econ\u00f4mica<\/h3>\n<p>Um banco do porte do BANDES e com tamanha responsabilidade social e econ\u00f4mica para o estado do Esp\u00edrito Santo necessita de um eficiente sistema telef\u00f4nico com disponibilidade \u201cCinco Noves\u201d (99,999%) para manter suas opera\u00e7\u00f5es de atendimento aos clientes, presta\u00e7\u00e3o de informa\u00e7\u00f5es e servi\u00e7os internos em pleno funcionamento !<\/p>\n<p>O sistema telef\u00f4nico do BANDES est\u00e1 sempre em constante evolu\u00e7\u00e3o. No ano de 2006\/2007 a GAMATEL implantou o sistema de Contact Center e o \u00a0a tecnologia IP DECT (ramais sem fio).<\/p>\n\r\n\t\t<\/div>\r\n\t<\/div>\r\n<\/div><\/div><\/div><div class=\"vc_row wpb_row row top-row wpb_custom_034b39d9bc6c6b310d69e39f0ccf274f\"><div class=\"vc_column_container col-md-6 vc_custom_1558029586372\"><div class=\"wpb_wrapper vc_column-inner\">\r\n\t<div class=\"wpb_text_column wpb_content_element wpb_custom_7c91d232724f73626cc933bd95b25ff0\" >\r\n\t\t<div class=\"wpb_wrapper\">\r\n\t\t\t<h3><strong>Evolu\u00e7\u00e3o do Sistema para NGN (Next Generation network)<\/strong><\/h3>\n<p>Em 2019, A GAMATEL foi contratada para executar a maior evolu\u00e7\u00e3o do sistema de telefonia do BANDES, onde aproveitando toda a base instalada (gerando significativa economia) \u00a0temos duas grandes transforma\u00e7\u00f5es: A Central telef\u00f4nica passou a operar no conceito NGN atrav\u00e9s da implementa\u00e7\u00e3o de software (SoftSwitch) e servidores controladores de ramais anal\u00f3gicas, digitais e VoIP ! Nesta moderna solu\u00e7\u00e3o implementamos o novo \u00a0Contact Center com v\u00e1rios novos recursos, inclusive suporte a m\u00eddia social (Whatsapp).<\/p>\n\r\n\t\t<\/div>\r\n\t<\/div>\r\n<\/div><\/div><div class=\"vc_column_container col-md-6\"><div class=\"wpb_wrapper vc_column-inner\">\r\n\t<div class=\"wpb_single_image wpb_content_element vc_align_center wpb_content_element  vc_custom_1561299919651 wpb_custom_81a4f7ef9830bf958462581aa01150fb\"><div class=\"wpb_wrapper\">\r\n\t\t\t\r\n\t\t\t<a class=\"prettyphoto\" data-rel=\"prettyPhoto[rel-3445-3088358322]\" href=\"https:\/\/gamatel.com.br\/wp-content\/uploads\/2019\/06\/bandes-2.jpg\" target=\"_self\"><div class=\"vc_single_image-wrapper vc_box_border  vc_box_border_black\"><img decoding=\"async\" class=\"vc_single_image-img \" src=\"https:\/\/gamatel.com.br\/wp-content\/uploads\/2019\/06\/bandes-2.jpg\" width=\"946\" height=\"705\" alt=\"bandes 2\" title=\"bandes 2\" loading=\"lazy\" \/><\/div><\/a>\r\n\t\t<\/div>\r\n\t<\/div>\r\n<\/div><\/div><\/div><div class=\"vc_row wpb_row row top-row wpb_custom_034b39d9bc6c6b310d69e39f0ccf274f\"><div class=\"vc_column_container col-md-3\"><div class=\"wpb_wrapper vc_column-inner\">\r\n\t<div class=\"wpb_single_image wpb_content_element vc_align_center wpb_content_element  wpb_custom_81a4f7ef9830bf958462581aa01150fb\"><div class=\"wpb_wrapper\">\r\n\t\t\t\r\n\t\t\t<div class=\"vc_single_image-wrapper   vc_box_border_grey\"><img decoding=\"async\" class=\"vc_single_image-img \" src=\"https:\/\/gamatel.com.br\/wp-content\/uploads\/2019\/04\/1200px-Logo_Bandes-200x70.jpg\" width=\"200\" height=\"70\" alt=\"1200px-Logo_Bandes\" title=\"1200px-Logo_Bandes\" loading=\"lazy\" \/><\/div>\r\n\t\t<\/div>\r\n\t<\/div>\r\n<\/div><\/div><div class=\"vc_column_container col-md-9\"><div class=\"wpb_wrapper vc_column-inner\">\r\n\t<div class=\"wpb_text_column wpb_content_element wpb_custom_7c91d232724f73626cc933bd95b25ff0\" >\r\n\t\t<div class=\"wpb_wrapper\">\r\n\t\t\t<p><strong>Sistema atual:<\/strong> Central telef\u00f4nica hibrida (digital, anal\u00f3gica e IP), ramais sem fio e Call Center;<\/p>\n<p><strong>Quantitativo:<\/strong> 02 Servidores SoftSwitch, 40 ramais sem fio, 60 ramais IP SIP, 180 ramais anal\u00f3gicos e 25 ramais digitais;<\/p>\n<p><strong>Destaque atual:<\/strong>\u00a0Sistema IP DECT Mobile. Sistema de ramais sem fio que possibilita o uso do ramal em qualquer local que tenha cobertura, permitindo a troca de \u00e1rea (antena) em uma chamada estabelecida, mesmo caminhando pelos andares do pr\u00e9dio;<br \/>\n<strong>Ano \/ Local:<\/strong> Cliente desde 1990 \/ Vit\u00f3ria\/ES.<\/p>\n\r\n\t\t<\/div>\r\n\t<\/div>\r\n<\/div><\/div><\/div>\n<\/div>","protected":false},"excerpt":{"rendered":"Um Banco Com Responsabilidade Social e Econ\u00f4mica Um banco do porte do BANDES e com tamanha responsabilidade social e econ\u00f4mica para o estado do Esp\u00edrito Santo necessita de um eficiente sistema telef\u00f4nico com disponibilidade \u201cCinco Noves\u201d (99,999%) para manter suas opera\u00e7\u00f5es de atendimento aos clientes, presta\u00e7\u00e3o de informa\u00e7\u00f5es e servi\u00e7os internos em pleno funcionamento ! [...]","protected":false},"author":1,"featured_media":0,"parent":0,"menu_order":0,"comment_status":"closed","ping_status":"closed","template":"","meta":{"om_disable_all_campaigns":false,"_monsterinsights_skip_tracking":false,"_monsterinsights_sitenote_active":false,"_monsterinsights_sitenote_note":"","_monsterinsights_sitenote_category":0,"footnotes":""},"class_list":["post-3445","page","type-page","status-publish","hentry"],"aioseo_notices":[],"_links":{"self":[{"href":"https:\/\/gamatel.com.br\/en\/wp-json\/wp\/v2\/pages\/3445","targetHints":{"allow":["GET"]}}],"collection":[{"href":"https:\/\/gamatel.com.br\/en\/wp-json\/wp\/v2\/pages"}],"about":[{"href":"https:\/\/gamatel.com.br\/en\/wp-json\/wp\/v2\/types\/page"}],"author":[{"embeddable":true,"href":"https:\/\/gamatel.com.br\/en\/wp-json\/wp\/v2\/users\/1"}],"replies":[{"embeddable":true,"href":"https:\/\/gamatel.com.br\/en\/wp-json\/wp\/v2\/comments?post=3445"}],"version-history":[{"count":7,"href":"https:\/\/gamatel.com.br\/en\/wp-json\/wp\/v2\/pages\/3445\/revisions"}],"predecessor-version":[{"id":3869,"href":"https:\/\/gamatel.com.br\/en\/wp-json\/wp\/v2\/pages\/3445\/revisions\/3869"}],"wp:attachment":[{"href":"https:\/\/gamatel.com.br\/en\/wp-json\/wp\/v2\/media?parent=3445"}],"curies":[{"name":"wp","href":"https:\/\/api.w.org\/{rel}","templated":true}]}}