{"id":3453,"date":"2019-06-23T11:36:37","date_gmt":"2019-06-23T14:36:37","guid":{"rendered":"http:\/\/gamatel.com.br\/?page_id=3453"},"modified":"2019-12-18T15:45:13","modified_gmt":"2019-12-18T18:45:13","slug":"cases-de-sucesso-hmc","status":"publish","type":"page","link":"https:\/\/gamatel.com.br\/en\/cases-de-sucesso-hmc\/","title":{"rendered":"Success Cases - HMC"},"content":{"rendered":"<div class=\"wpb-content-wrapper\"><div class=\"vc_row wpb_row row top-row wpb_custom_034b39d9bc6c6b310d69e39f0ccf274f\"><div class=\"vc_column_container col-md-6 vc_custom_1558029586372\"><div class=\"wpb_wrapper vc_column-inner\">\r\n\t<div class=\"wpb_single_image wpb_content_element vc_align_center wpb_content_element  wpb_custom_81a4f7ef9830bf958462581aa01150fb\"><div class=\"wpb_wrapper\">\r\n\t\t\t\r\n\t\t\t<a class=\"prettyphoto\" data-rel=\"prettyPhoto[rel-3453-2223079100]\" href=\"https:\/\/gamatel.com.br\/wp-content\/uploads\/2019\/06\/HMC-1.jpg\" target=\"_self\"><div class=\"vc_single_image-wrapper vc_box_border  vc_box_border_black\"><img decoding=\"async\" class=\"vc_single_image-img \" src=\"https:\/\/gamatel.com.br\/wp-content\/uploads\/2019\/06\/HMC-1.jpg\" width=\"838\" height=\"628\" alt=\"HMC 1\" title=\"HMC 1\" loading=\"lazy\" \/><\/div><\/a>\r\n\t\t<\/div>\r\n\t<\/div>\r\n<\/div><\/div><div class=\"vc_column_container col-md-6\"><div class=\"wpb_wrapper vc_column-inner\"><div class=\"vc_empty_space\"   style=\"height: 70px\"><span class=\"vc_empty_space_inner\"><\/span><\/div>\r\n\t<div class=\"wpb_text_column wpb_content_element wpb_custom_7c91d232724f73626cc933bd95b25ff0\" >\r\n\t\t<div class=\"wpb_wrapper\">\r\n\t\t\t<h3>HMC \u2013 Hospital M\u00e1rcio Cunha<\/h3>\n<p>Hospital HMC \u00e9 parte de uma importante institui\u00e7\u00e3o, a Funda\u00e7\u00e3o S\u00e3o Francisco Xavier que al\u00e9m do hospital, presta outros relevantes servi\u00e7os \u00e0 sociedade atrav\u00e9s de escolas, unidades de sa\u00fade. Com tamanha responsabilidade social para o todo o Vale do A\u00e7o mineiro, a institui\u00e7\u00e3o necessita de um sistema telef\u00f4nico de alt\u00edssima disponibilidade \u201cCinco Noves\u201d (99,999%) para manter suas atividades m\u00e9dicas auxiliadas por um eficaz sistema de comunica\u00e7\u00e3o, al\u00e9m de garantir satisfa\u00e7\u00e3o clientes no atendimento, presta\u00e7\u00e3o de informa\u00e7\u00f5es e servi\u00e7os internos!<\/p>\n\r\n\t\t<\/div>\r\n\t<\/div>\r\n<\/div><\/div><\/div><div class=\"vc_row wpb_row row top-row wpb_custom_034b39d9bc6c6b310d69e39f0ccf274f\"><div class=\"vc_column_container col-md-12\"><div class=\"wpb_wrapper vc_column-inner\"><div class=\"vc_empty_space\"   style=\"height: 50px\"><span class=\"vc_empty_space_inner\"><\/span><\/div><\/div><\/div><\/div><div class=\"vc_row wpb_row row top-row wpb_custom_034b39d9bc6c6b310d69e39f0ccf274f\"><div class=\"vc_column_container col-md-3\"><div class=\"wpb_wrapper vc_column-inner\">\r\n\t<div class=\"wpb_single_image wpb_content_element vc_align_center wpb_content_element  wpb_custom_81a4f7ef9830bf958462581aa01150fb\"><div class=\"wpb_wrapper\">\r\n\t\t\t\r\n\t\t\t<div class=\"vc_single_image-wrapper   vc_box_border_grey\"><img decoding=\"async\" class=\"vc_single_image-img \" src=\"https:\/\/gamatel.com.br\/wp-content\/uploads\/2019\/04\/h-200x122.jpeg\" width=\"200\" height=\"122\" alt=\"h\" title=\"h\" loading=\"lazy\" \/><\/div>\r\n\t\t<\/div>\r\n\t<\/div>\r\n<\/div><\/div><div class=\"vc_column_container col-md-9\"><div class=\"wpb_wrapper vc_column-inner\">\r\n\t<div class=\"wpb_text_column wpb_content_element wpb_custom_7c91d232724f73626cc933bd95b25ff0\" >\r\n\t\t<div class=\"wpb_wrapper\">\r\n\t\t\t<p><strong>Sistema atual:<\/strong> Central telef\u00f4nica hibrida (digital, anal\u00f3gica e IP) e sistema de tarifa\u00e7\u00e3o centralizado.<\/p>\n<p><strong>Quantitativo: <\/strong>10 centrais telef\u00f4nicas, 250 ramais IP SIP, 800 ramais anal\u00f3gicos, 10 ramais digitais.<\/p>\n<p><strong>Destaque atual:<\/strong>\u00a0Entroncamento IP (SIP Trunk) entre todas as unidades e sistema de tarifa\u00e7\u00e3o centralizado com acesso via web browser.<\/p>\n<p><strong>Ano \/ Local:<\/strong> Cliente desde 1999 \/ Ipatinga\/MG<\/p>\n\r\n\t\t<\/div>\r\n\t<\/div>\r\n<\/div><\/div><\/div>\n<\/div>","protected":false},"excerpt":{"rendered":"HMC \u2013 Hospital M\u00e1rcio Cunha Hospital HMC \u00e9 parte de uma importante institui\u00e7\u00e3o, a Funda\u00e7\u00e3o S\u00e3o Francisco Xavier que al\u00e9m do hospital, presta outros relevantes servi\u00e7os \u00e0 sociedade atrav\u00e9s de escolas, unidades de sa\u00fade. Com tamanha responsabilidade social para o todo o Vale do A\u00e7o mineiro, a institui\u00e7\u00e3o necessita de um sistema telef\u00f4nico de alt\u00edssima [...]","protected":false},"author":1,"featured_media":0,"parent":0,"menu_order":0,"comment_status":"closed","ping_status":"closed","template":"","meta":{"om_disable_all_campaigns":false,"_monsterinsights_skip_tracking":false,"_monsterinsights_sitenote_active":false,"_monsterinsights_sitenote_note":"","_monsterinsights_sitenote_category":0,"footnotes":""},"class_list":["post-3453","page","type-page","status-publish","hentry"],"aioseo_notices":[],"_links":{"self":[{"href":"https:\/\/gamatel.com.br\/en\/wp-json\/wp\/v2\/pages\/3453","targetHints":{"allow":["GET"]}}],"collection":[{"href":"https:\/\/gamatel.com.br\/en\/wp-json\/wp\/v2\/pages"}],"about":[{"href":"https:\/\/gamatel.com.br\/en\/wp-json\/wp\/v2\/types\/page"}],"author":[{"embeddable":true,"href":"https:\/\/gamatel.com.br\/en\/wp-json\/wp\/v2\/users\/1"}],"replies":[{"embeddable":true,"href":"https:\/\/gamatel.com.br\/en\/wp-json\/wp\/v2\/comments?post=3453"}],"version-history":[{"count":20,"href":"https:\/\/gamatel.com.br\/en\/wp-json\/wp\/v2\/pages\/3453\/revisions"}],"predecessor-version":[{"id":3870,"href":"https:\/\/gamatel.com.br\/en\/wp-json\/wp\/v2\/pages\/3453\/revisions\/3870"}],"wp:attachment":[{"href":"https:\/\/gamatel.com.br\/en\/wp-json\/wp\/v2\/media?parent=3453"}],"curies":[{"name":"wp","href":"https:\/\/api.w.org\/{rel}","templated":true}]}}