{"id":3459,"date":"2019-06-23T11:42:30","date_gmt":"2019-06-23T14:42:30","guid":{"rendered":"http:\/\/gamatel.com.br\/?page_id=3459"},"modified":"2019-12-18T15:33:18","modified_gmt":"2019-12-18T18:33:18","slug":"cases-de-sucesso-ufes","status":"publish","type":"page","link":"https:\/\/gamatel.com.br\/en\/cases-de-sucesso-ufes\/","title":{"rendered":"Success Cases - UFES"},"content":{"rendered":"<div class=\"wpb-content-wrapper\"><div class=\"vc_row wpb_row row top-row wpb_custom_034b39d9bc6c6b310d69e39f0ccf274f\"><div class=\"vc_column_container col-md-6 vc_custom_1558029586372\"><div class=\"wpb_wrapper vc_column-inner\">\r\n\t<div class=\"wpb_single_image wpb_content_element vc_align_center wpb_content_element  wpb_custom_81a4f7ef9830bf958462581aa01150fb\"><div class=\"wpb_wrapper\">\r\n\t\t\t\r\n\t\t\t<a class=\"prettyphoto\" data-rel=\"prettyPhoto[rel-3459-1156894828]\" href=\"https:\/\/gamatel.com.br\/wp-content\/uploads\/2019\/06\/Case-UFES.jpg\" target=\"_self\"><div class=\"vc_single_image-wrapper vc_box_border  vc_box_border_black\"><img decoding=\"async\" class=\"vc_single_image-img \" src=\"https:\/\/gamatel.com.br\/wp-content\/uploads\/2019\/06\/Case-UFES.jpg\" width=\"846\" height=\"645\" alt=\"Case UFES\" title=\"Case UFES\" loading=\"lazy\" \/><\/div><\/a>\r\n\t\t<\/div>\r\n\t<\/div>\r\n<\/div><\/div><div class=\"vc_column_container col-md-6\"><div class=\"wpb_wrapper vc_column-inner\"><div class=\"vc_empty_space\"   style=\"height: 70px\"><span class=\"vc_empty_space_inner\"><\/span><\/div>\r\n\t<div class=\"wpb_text_column wpb_content_element wpb_custom_7c91d232724f73626cc933bd95b25ff0\" >\r\n\t\t<div class=\"wpb_wrapper\">\r\n\t\t\t<h3><strong>UFES \u2013 Universidade Federal do ES<\/strong><\/h3>\n<p>No ano de 2008, visando redu\u00e7\u00e3o nos custos de chamadas entre seus sites, a GAMATEL foi contratada pela UFES para implantar uma moderna solu\u00e7\u00e3o de entroncamento via IP (protocolo\u00a0 SIP) entre todos os sites, inclusive seu hospital de refer\u00eancia, a HUCAM (Hospital Universit\u00e1rio) .<\/p>\n<p>Hospital \u00e9 uma parte de extrema import\u00e2ncia para a institui\u00e7\u00e3o, a Universidade Federal do ES, que al\u00e9m do hospital, presta outros relevantes servi\u00e7os \u00e0 sociedade atrav\u00e9s de suas v\u00e1rias faculdades, laborat\u00f3rios de pesquisa, centros de doutorado e unidades de sa\u00fade. Com tamanha responsabilidade social para o todo o estado capixaba, a institui\u00e7\u00e3o necessita de um sistema telef\u00f4nico de alt\u00edssima disponibilidade \u201cCinco Noves\u201d (99,999%) para manter suas atividades em pleno funcionamento auxiliadas por um eficaz sistema de comunica\u00e7\u00e3o, garantindo satisfa\u00e7\u00e3o da comunidade no atendimento, presta\u00e7\u00e3o de informa\u00e7\u00f5es e servi\u00e7os internos!<\/p>\n\r\n\t\t<\/div>\r\n\t<\/div>\r\n<\/div><\/div><\/div><div class=\"vc_row wpb_row row top-row wpb_custom_034b39d9bc6c6b310d69e39f0ccf274f\"><div class=\"vc_column_container col-md-3\"><div class=\"wpb_wrapper vc_column-inner\">\r\n\t<div class=\"wpb_single_image wpb_content_element vc_align_center wpb_content_element  wpb_custom_81a4f7ef9830bf958462581aa01150fb\"><div class=\"wpb_wrapper\">\r\n\t\t\t\r\n\t\t\t<div class=\"vc_single_image-wrapper   vc_box_border_grey\"><img decoding=\"async\" class=\"vc_single_image-img \" src=\"https:\/\/gamatel.com.br\/wp-content\/uploads\/2019\/04\/ufes-200x162.png\" width=\"200\" height=\"162\" alt=\"ufes\" title=\"ufes\" loading=\"lazy\" \/><\/div>\r\n\t\t<\/div>\r\n\t<\/div>\r\n<\/div><\/div><div class=\"vc_column_container col-md-9\"><div class=\"wpb_wrapper vc_column-inner\">\r\n\t<div class=\"wpb_text_column wpb_content_element wpb_custom_7c91d232724f73626cc933bd95b25ff0\" >\r\n\t\t<div class=\"wpb_wrapper\">\r\n\t\t\t<p><strong>\u00a0<\/strong><strong>Sistema:<\/strong> Central telef\u00f4nica hibrida (digital, anal\u00f3gica e IP) e sistema de tarifa\u00e7\u00e3o centralizado.<\/p>\n<p><strong>Quantitativo:<\/strong> 08 centrais telef\u00f4nica, 40 ramais IP SIP, 4400 ramais anal\u00f3gicos e 20 ramais digitais.<\/p>\n<p><strong>Destaque:<\/strong>\u00a0Entroncamento IP (SIP Trunk) entre todas as unidades.<\/p>\n<p><strong>Ano \/ Local:<\/strong> Cliente desde 1993 \/ Vit\u00f3ria\/ES<\/p>\n\r\n\t\t<\/div>\r\n\t<\/div>\r\n<\/div><\/div><\/div>\n<\/div>","protected":false},"excerpt":{"rendered":"UFES \u2013 Universidade Federal do ES No ano de 2008, visando redu\u00e7\u00e3o nos custos de chamadas entre seus sites, a GAMATEL foi contratada pela UFES para implantar uma moderna solu\u00e7\u00e3o de entroncamento via IP (protocolo\u00a0 SIP) entre todos os sites, inclusive seu hospital de refer\u00eancia, a HUCAM (Hospital Universit\u00e1rio) . Hospital \u00e9 uma parte de [...]","protected":false},"author":1,"featured_media":0,"parent":0,"menu_order":0,"comment_status":"closed","ping_status":"closed","template":"","meta":{"om_disable_all_campaigns":false,"_monsterinsights_skip_tracking":false,"_monsterinsights_sitenote_active":false,"_monsterinsights_sitenote_note":"","_monsterinsights_sitenote_category":0,"footnotes":""},"class_list":["post-3459","page","type-page","status-publish","hentry"],"aioseo_notices":[],"_links":{"self":[{"href":"https:\/\/gamatel.com.br\/en\/wp-json\/wp\/v2\/pages\/3459","targetHints":{"allow":["GET"]}}],"collection":[{"href":"https:\/\/gamatel.com.br\/en\/wp-json\/wp\/v2\/pages"}],"about":[{"href":"https:\/\/gamatel.com.br\/en\/wp-json\/wp\/v2\/types\/page"}],"author":[{"embeddable":true,"href":"https:\/\/gamatel.com.br\/en\/wp-json\/wp\/v2\/users\/1"}],"replies":[{"embeddable":true,"href":"https:\/\/gamatel.com.br\/en\/wp-json\/wp\/v2\/comments?post=3459"}],"version-history":[{"count":5,"href":"https:\/\/gamatel.com.br\/en\/wp-json\/wp\/v2\/pages\/3459\/revisions"}],"predecessor-version":[{"id":3865,"href":"https:\/\/gamatel.com.br\/en\/wp-json\/wp\/v2\/pages\/3459\/revisions\/3865"}],"wp:attachment":[{"href":"https:\/\/gamatel.com.br\/en\/wp-json\/wp\/v2\/media?parent=3459"}],"curies":[{"name":"wp","href":"https:\/\/api.w.org\/{rel}","templated":true}]}}