{"id":55,"date":"2016-06-13T15:48:45","date_gmt":"2016-06-13T15:48:45","guid":{"rendered":"http:\/\/sw-themes.com\/porto_dummy\/?page_id=55"},"modified":"2025-02-05T13:55:22","modified_gmt":"2025-02-05T16:55:22","slug":"sobre","status":"publish","type":"page","link":"https:\/\/gamatel.com.br\/en\/sobre\/","title":{"rendered":"About"},"content":{"rendered":"<div class=\"wpb-content-wrapper\"><div class=\"vc_row wpb_row top-row p-t-xxl row-align-items-center vc_custom_1561988230939 section section-default mt-0 mb-0 section-no-borders vc_row-has-fill porto-inner-container wpb_custom_034b39d9bc6c6b310d69e39f0ccf274f\"><div class=\"porto-wrap-container container\"><div class=\"row\"><div class=\"pr-lg-5 mb-sm-5 mb-lg-0 vc_column_container col-md-12 col-lg-6\"><div class=\"wpb_wrapper vc_column-inner\"><h2 style=\"font-size: 25px;color: #111111;line-height: 1\" class=\"vc_custom_heading vc_do_custom_heading mb-3 wpb_custom_aa365bd5046e8294520b4e73732b9d15 align-left\" >Wow <b>Story<\/b><\/h2>\r\n\t<div class=\"wpb_text_column wpb_content_element wpb_custom_7c91d232724f73626cc933bd95b25ff0\" >\r\n\t\t<div class=\"wpb_wrapper\">\r\n\t\t\t<p class=\"lead\"><em>Founded in 1970 by Jos\u00e9 Soares Gama (in memoriam), it was active in sales of office furniture and equipment, and soon joined the telecommunications segment, becoming a market leader in the interior of Minas Gerais. In 1990, it expanded to Esp\u00edrito Santo, founding Gamatel Sistemas! Being today reference in the provision of Telecommunications services for its quality, commitment and constant respect to the Customer!<\/em><\/p>\n\r\n\t\t<\/div>\r\n\t<\/div>\r\n<\/div><\/div><div class=\"col-sm-8 offset-sm-5 mt-sm-5 pt-sm-5 vc_column_container col-md-6 offset-lg-2 col-lg-4 offset-md-4\"><div class=\"wpb_wrapper vc_column-inner\">\r\n\t<div class=\"wpb_single_image wpb_content_element vc_align_left wpb_content_element  vc_custom_1562095810872 wpb_custom_81a4f7ef9830bf958462581aa01150fb\"><div class=\"wpb_wrapper\">\r\n\t\t\t\r\n\t\t\t<div class=\"vc_single_image-wrapper   vc_box_border_grey\"><img loading=\"lazy\" decoding=\"async\" width=\"327\" height=\"444\" src=\"https:\/\/gamatel.com.br\/wp-content\/uploads\/2019\/07\/WhatsApp-Image-2019-06-29-at-20.22.10.jpeg\" class=\"vc_single_image-img attachment-large\" alt=\"\" title=\"WhatsApp Image 2019-06-29 at 20.22.10\" \/><\/div>\r\n\t\t<\/div>\r\n\t<\/div>\r\n<div class=\"vc_empty_space\"   style=\"height: 50px\"><span class=\"vc_empty_space_inner\"><\/span><\/div><\/div><\/div><\/div><\/div><\/div><div class=\"vc_row wpb_row top-row pb-5 porto-inner-container wpb_custom_034b39d9bc6c6b310d69e39f0ccf274f\"><div class=\"porto-wrap-container container\"><div class=\"row\"><div class=\"vc_column_container col-md-12\"><div class=\"wpb_wrapper vc_column-inner\"><div class=\"vc_column_container col-md-12\"><div class=\"wpb_wrapper vc_column-inner\"><div class=\"vc_empty_space\"   style=\"height: 50px\"><span class=\"vc_empty_space_inner\"><\/span><\/div><\/div><\/div><\/div><\/div><\/div><\/div><\/div><div class=\"vc_row wpb_row top-row pb-5 porto-inner-container wpb_custom_034b39d9bc6c6b310d69e39f0ccf274f\"><div class=\"porto-wrap-container container\"><div class=\"row\"><div class=\"vc_column_container col-md-6\"><div class=\"wpb_wrapper vc_column-inner\">\r\n\t<div class=\"wpb_single_image wpb_content_element vc_align_left wpb_content_element   mt-4 wpb_custom_81a4f7ef9830bf958462581aa01150fb\"><div class=\"wpb_wrapper\">\r\n\t\t\t\r\n\t\t\t<div class=\"vc_single_image-wrapper   vc_box_border_grey\"><img loading=\"lazy\" decoding=\"async\" width=\"606\" height=\"377\" src=\"https:\/\/gamatel.com.br\/wp-content\/uploads\/2025\/02\/Ciclo-de-planejamento-implementar-gerenciar_fig1.png\" class=\"vc_single_image-img attachment-full\" alt=\"\" title=\"Ciclo de planejamento-implementar-gerenciar_fig1\" srcset=\"https:\/\/gamatel.com.br\/wp-content\/uploads\/2025\/02\/Ciclo-de-planejamento-implementar-gerenciar_fig1.png 606w, https:\/\/gamatel.com.br\/wp-content\/uploads\/2025\/02\/Ciclo-de-planejamento-implementar-gerenciar_fig1-400x249.png 400w, https:\/\/gamatel.com.br\/wp-content\/uploads\/2025\/02\/Ciclo-de-planejamento-implementar-gerenciar_fig1-367x228.png 367w, https:\/\/gamatel.com.br\/wp-content\/uploads\/2025\/02\/Ciclo-de-planejamento-implementar-gerenciar_fig1-600x373.png 600w\" sizes=\"auto, (max-width: 606px) 100vw, 606px\" \/><\/div>\r\n\t\t<\/div>\r\n\t<\/div>\r\n<\/div><\/div><div class=\"vc_column_container col-md-6 vc_custom_1556549033568\"><div class=\"wpb_wrapper vc_column-inner\"><div class=\"vc_column_container col-md-12\"><div class=\"wpb_wrapper vc_column-inner\"><div class=\"porto-u-heading  wpb_custom_95aa9a11c17ad45cfabaf210d84ee7cc porto-u-ad87e2eaf3f9c495180fe0156ddf3eb0\"><div class=\"porto-u-main-heading\"><h2   style=\"margin-bottom: 20px;font-size:25px;\">View <b>Strategic<\/b><\/h2><\/div><div class=\"porto-u-sub-heading\" style=\"font-size:16.8px;line-height:26px;\">\u201cTo be recognized for excellence in service with high technology product portfolio and always at the forefront!\u201d<\/div><style>.porto-u-ad87e2eaf3f9c495180fe0156ddf3eb0.porto-u-heading{text-align:left}<\/style><\/div><\/div><\/div><\/div><\/div><\/div><\/div><\/div><div id=\"missao-visao-e-valores\" class=\"vc_row wpb_row top-row pb-5 vc_custom_1561988243441 vc_row-has-fill porto-inner-container wpb_custom_034b39d9bc6c6b310d69e39f0ccf274f\"><div class=\"porto-wrap-container container\"><div class=\"row\"><div class=\"vc_column_container col-md-12\"><div class=\"wpb_wrapper vc_column-inner\"><h2 class=\"word-rotator slide short m-t-xxl\" style=\"font-size:32px;line-height:46px;text-align:center;\" data-plugin-options=\"{'waittime': 2500, 'pauseOnHover': false}\"><span class=\"word-rotate-prefix\" style=\"font-weight:700;font-size:32px !important;\">Meet our<\/span> <span class=\"word-rotator-items has-bg\" style=\"font-family:&#039;Open Sans&#039;;color:#ffffff;background:#145680;\"><b class=\"active\">Mission<\/b><b>View<\/b><b>Values<\/b><\/span><\/h2><div class=\"vc_empty_space\"   style=\"height: 50px\"><span class=\"vc_empty_space_inner\"><\/span><\/div><div class=\"vc_row wpb_row vc_inner row\"><div class=\"vc_column_container col-md-4\" data-appear-animation=\"fadeInLeft\" data-appear-animation-delay=\"800\"><div class=\"wpb_wrapper vc_column-inner\"><div class=\"porto-sicon-box  wpb_custom_1efe903570d178ff0a9b7bfa5febd3a4 style_1 left-icon\"><div class=\"porto-sicon-body\"><div class=\"porto-sicon-header\"><h3 class=\"porto-sicon-title\" style=\"font-weight:700;font-size:16.8px;\">VIEW<\/h3><\/div> <!-- header --><div class=\"porto-sicon-description\" style=\"\">Be recognized for excellence in service with high technology product portfolio and at the forefront!<\/div> <!-- description --><\/div><\/div><!-- porto-sicon-box --><\/div><\/div><div class=\"vc_column_container col-md-4\" data-appear-animation=\"fadeIn\" data-appear-animation-delay=\"600\"><div class=\"wpb_wrapper vc_column-inner\"><div class=\"porto-sicon-box  wpb_custom_1efe903570d178ff0a9b7bfa5febd3a4 style_1 left-icon\"><div class=\"porto-sicon-body\"><div class=\"porto-sicon-header\"><h3 class=\"porto-sicon-title\" style=\"font-weight:700;font-size:16.8px;\">VALUES<\/h3><\/div> <!-- header --><div class=\"porto-sicon-description\" style=\"\">\n<ul>\n<li>Ethics in our conduct and actions;<\/li>\n<li>Transparency;<\/li>\n<li>Sustainable development for the whole community;<\/li>\n<li>Generate added value for our customers;<\/li>\n<li>Customers first and exceed expectations!<\/li>\n<\/ul>\n<p><\/div> <!-- description --><\/div><\/div><!-- porto-sicon-box --><\/div><\/div><div class=\"vc_column_container col-md-4\" data-appear-animation=\"fadeInRight\" data-appear-animation-delay=\"800\"><div class=\"wpb_wrapper vc_column-inner\"><div class=\"porto-sicon-box  wpb_custom_1efe903570d178ff0a9b7bfa5febd3a4 style_1 left-icon\"><div class=\"porto-sicon-body\"><div class=\"porto-sicon-header\"><h3 class=\"porto-sicon-title\" style=\"font-weight:700;font-size:16.8px;\">MISSION AND OBJECTIVES<\/h3><\/div> <!-- header --><div class=\"porto-sicon-description\" style=\"\">Offer, more than equipment and services, but agile, creative and competitive solutions in the telecommunications area, especially in the commercialization, representation, installation, rental and maintenance of systems based on conventional and wireless data networks, radiocommunication; In this way, anticipate and differentiate itself from the competition, with quality and appropriate to the needs of customers, providing compatible return to the parties involved.<em> (stakeholders<\/em>).<\/div> <!-- description --><\/div><\/div><!-- porto-sicon-box --><\/div><\/div><\/div><\/div><\/div><\/div><\/div><\/div><div class=\"vc_row wpb_row row top-row wpb_custom_034b39d9bc6c6b310d69e39f0ccf274f\"><div class=\"vc_column_container col-md-12\"><div class=\"wpb_wrapper vc_column-inner\"><\/div><\/div><\/div>\n<\/div>","protected":false},"excerpt":{"rendered":"Nossa Hist\u00f3ria Fundada em 1970, por Jos\u00e9 Soares Gama (in memoriam), atuava em vendas de m\u00f3veis e equipamentos de escrit\u00f3rios, logo ingressou no segmento de telecomunica\u00e7\u00f5es se tornando l\u00edder de mercado no interior de Minas Gerais. Em 1990, expandiu-se para o Esp\u00edrito Santo, fundando a Gamatel Sistemas!\u00a0 Sendo hoje refer\u00eancia na presta\u00e7\u00e3o de servi\u00e7os de [...]","protected":false},"author":1,"featured_media":0,"parent":0,"menu_order":0,"comment_status":"closed","ping_status":"closed","template":"","meta":{"om_disable_all_campaigns":false,"_monsterinsights_skip_tracking":false,"_monsterinsights_sitenote_active":false,"_monsterinsights_sitenote_note":"","_monsterinsights_sitenote_category":0,"footnotes":""},"class_list":["post-55","page","type-page","status-publish","hentry"],"aioseo_notices":[],"_links":{"self":[{"href":"https:\/\/gamatel.com.br\/en\/wp-json\/wp\/v2\/pages\/55","targetHints":{"allow":["GET"]}}],"collection":[{"href":"https:\/\/gamatel.com.br\/en\/wp-json\/wp\/v2\/pages"}],"about":[{"href":"https:\/\/gamatel.com.br\/en\/wp-json\/wp\/v2\/types\/page"}],"author":[{"embeddable":true,"href":"https:\/\/gamatel.com.br\/en\/wp-json\/wp\/v2\/users\/1"}],"replies":[{"embeddable":true,"href":"https:\/\/gamatel.com.br\/en\/wp-json\/wp\/v2\/comments?post=55"}],"version-history":[{"count":38,"href":"https:\/\/gamatel.com.br\/en\/wp-json\/wp\/v2\/pages\/55\/revisions"}],"predecessor-version":[{"id":4307,"href":"https:\/\/gamatel.com.br\/en\/wp-json\/wp\/v2\/pages\/55\/revisions\/4307"}],"wp:attachment":[{"href":"https:\/\/gamatel.com.br\/en\/wp-json\/wp\/v2\/media?parent=55"}],"curies":[{"name":"wp","href":"https:\/\/api.w.org\/{rel}","templated":true}]}}