{"id":2568,"date":"2019-04-11T21:26:58","date_gmt":"2019-04-12T00:26:58","guid":{"rendered":"http:\/\/gamatel.com.br\/?post_type=product&#038;p=2568"},"modified":"2026-02-07T17:18:14","modified_gmt":"2026-02-07T20:18:14","slug":"radio-portatil-motorola-r7","status":"publish","type":"product","link":"https:\/\/gamatel.com.br\/en\/product\/radio-portatil-motorola-r7\/","title":{"rendered":"MOTOTRBO R7 R\u00c1DIO BIDIRECIONAL PORT\u00c1TIL (sob encomenda)"},"content":{"rendered":"<p><span class=\"fontstyle0\">THE <strong>MOTOTRBO\u2122<\/strong><\/span><span class=\"fontstyle0\">\u00a0<\/span><span class=\"fontstyle0\"><strong>R7<\/strong> \u00e9 um r\u00e1dio digital bidirecional que oferece<br \/>\ncapacidades de \u00e1udio revolucion\u00e1rias em um dispositivo robusto e \u00e0<br \/>\nprova do futuro. Seu processamento de \u00e1udio avan\u00e7ado garante que<br \/>\nsuas comunica\u00e7\u00f5es sejam fortes e claras, enquanto sua constru\u00e7\u00e3o<br \/>\nrobusta est\u00e1 preparada para ambientes hostis, e as op\u00e7\u00f5es avan\u00e7adas<br \/>\nde conectividade preparam o seu pessoal para o futuro!<\/span><\/p>\n<p>This is what these latest generation radios have again:<\/p>\n<ul>\n<li>Integrated accelerometer for optional Injured Worker feature<\/li>\n<li>Bluetooth\u00ae 4.0<\/li>\n<li><span class=\"fontstyle0\">GPS, GNSS\u00a0\u00a0<\/span><\/li>\n<li>Indoor tracking and location<\/li>\n<li>Built-in wifi<\/li>\n<li>WiFi software updates<\/li>\n<li>Enhanced audio quality<\/li>\n<li>Enhanced Magnification Capacity<\/li>\n<li>Longer battery life (up to 29 hours)<\/li>\n<li>Longer range (up to 8%)<\/li>\n<li>Greater water resistance (IP68)<\/li>\n<\/ul>\n<p>&nbsp;<\/p>\n<p><strong>Compat\u00edvel \u00e0 Redes:\u00a0<\/strong><\/p>\n<table class=\"NormalTable\" style=\"height: 108px;\" width=\"157\">\n<tbody>\n<tr>\n<td width=\"162\"><span class=\"fontstyle0\">IP Site Connect<\/span><\/td>\n<\/tr>\n<tr>\n<td width=\"162\"><span class=\"fontstyle0\">Capacity Plus de Site \u00danico\/M\u00faltiplo<\/span><\/td>\n<\/tr>\n<tr>\n<td width=\"162\"><span class=\"fontstyle0\">Capacity Max<\/span><\/td>\n<\/tr>\n<\/tbody>\n<\/table>\n<p>&nbsp;<\/p>\n<p><b>Os r\u00e1dios da S\u00e9rie <span class=\"fontstyle0\"><strong>MOTOTRBO\u2122<\/strong><\/span><span class=\"fontstyle0\">\u00a0<\/span><span class=\"fontstyle0\"><strong>R7<\/strong><\/span><\/b><\/p>\n<p><strong>Cat\u00e1logo<\/strong>:\u00a0 <a href=\"https:\/\/gamatel.com.br\/wp-content\/uploads\/2019\/04\/Catalogo-radios-R7.pdf\" class=\"pdfemb-viewer\" style=\"\" data-width=\"max\" data-height=\"max\" data-toolbar=\"top\" data-toolbar-fixed=\"on\">Cat\u00e1logo r\u00e1dios R7<\/a><\/p>","protected":false},"excerpt":{"rendered":"<h3><strong> <span class=\"fontstyle0\">FUN\u00c7\u00d5ES-CHAVE<\/span><\/strong><\/h3>\n<h5><span class=\"fontstyle1\">\u2022 <\/span><span class=\"fontstyle1\">UHF\/VHF<br \/>\n<\/span><span class=\"fontstyle1\">\u2022 <\/span><span class=\"fontstyle1\">Wi-Fi 2.4\/5.0 GHz<br \/>\n<\/span><span class=\"fontstyle1\">\u2022 <\/span><span class=\"fontstyle1\">Compat\u00edvel com o protocolo de seguran\u00e7a Wi-Fi WPA3<br \/>\n<\/span><span class=\"fontstyle1\">\u2022 <\/span><span class=\"fontstyle1\">Bluetooth 5.2<br \/>\n<\/span><span class=\"fontstyle1\">\u2022 <\/span><span class=\"fontstyle1\">Tela QVGA de 2,4\u201d 320&#215;240 px<br \/>\n<\/span><span class=\"fontstyle1\">\u2022 <\/span><span class=\"fontstyle1\">Experi\u00eancia de usu\u00e1rio moderna e intuitiva<br \/>\n<\/span><span class=\"fontstyle1\">\u2022 <\/span><span class=\"fontstyle1\">Pacote completo de acess\u00f3rios<br \/>\n<\/span><span class=\"fontstyle1\">\u2022 <\/span><span class=\"fontstyle1\">Design ergon\u00f4mico e elegante<br \/>\n<\/span><span class=\"fontstyle1\">\u2022 <\/span><span class=\"fontstyle1\">Supress\u00e3o autom\u00e1tica da retroalimenta\u00e7\u00e3o ac\u00fastica<br \/>\n<\/span><span class=\"fontstyle1\">\u2022 <\/span><span class=\"fontstyle1\">Supress\u00e3o de ru\u00eddo com microfone<br \/>\nduplo adaptativo<br \/>\n<\/span><span class=\"fontstyle1\">\u2022 <\/span><span class=\"fontstyle1\">\u00c1udio Inteligente<br \/>\n<\/span><span class=\"fontstyle1\">\u2022 <\/span><span class=\"fontstyle1\">Tecnologia IMPRES\u2122<br \/>\n<\/span><span class=\"fontstyle1\">\u2022 <\/span><span class=\"fontstyle1\">Sonoridade program\u00e1vel at\u00e9 107 fones<br \/>\n<\/span><span class=\"fontstyle1\">\u2022 <\/span><span class=\"fontstyle1\">Microfones e alto-falantes de banda larga<br \/>\n<\/span><span class=\"fontstyle1\">\u2022 <\/span><span class=\"fontstyle1\">Configura\u00e7\u00e3o de \u00e1udio simples<br \/>\n<\/span><span class=\"fontstyle1\">\u2022 <\/span><span class=\"fontstyle1\">At\u00e9 28 horas de dura\u00e7\u00e3o de bateria\u00b9<br \/>\n<\/span><span class=\"fontstyle1\">\u2022 <\/span><span class=\"fontstyle1\">IP68 (\u00e0 prova d\u2019\u00e1gua at\u00e9 2 metros por 2 horas)<br \/>\n<\/span><span class=\"fontstyle1\">\u2022 <\/span><span class=\"fontstyle1\">IP66 (press\u00e3o de jato d\u2019\u00e1gua concentrada)<br \/>\n<\/span><span class=\"fontstyle1\">\u2022 <\/span><span class=\"fontstyle1\">Carca\u00e7a resistente a subst\u00e2ncias desinfetantes<br \/>\ne descontaminantes \u00b2<br \/>\n<\/span><span class=\"fontstyle1\">\u2022 <\/span><span class=\"fontstyle1\">Conector lateral robusto e resistente \u00e0 corros\u00e3o<br \/>\n<\/span><span class=\"fontstyle1\">\u2022 <\/span><span class=\"fontstyle1\">Cumpre as normas MIL-STD 810<br \/>\n<\/span><span class=\"fontstyle1\">\u2022 <\/span><span class=\"fontstyle1\">5 anos de repara\u00e7\u00e3o de hardware, suporte t\u00e9cnico,<br \/>\natualiza\u00e7\u00f5es de software e fun\u00e7\u00f5es premium<\/span><\/h5>\n<h6><span class=\"fontstyle1\"><br \/>\n<\/span><em><span class=\"fontstyle3\">1 <\/span><span class=\"fontstyle1\">Dura\u00e7\u00e3o t\u00edpica da bateria, perfil 5\/5\/90 \u00e0 m\u00e1xima pot\u00eancia do transmissor com GNSS, Bluetooth, Wi-Fi e aplicativos<br \/>\nda placa opcional desativados. A dura\u00e7\u00e3o real observada pode variar.<br \/>\n<\/span><span class=\"fontstyle3\">2 <\/span><span class=\"fontstyle1\">Consulte o manual do usu\u00e1rio do MOTOTRBO R7 para obter uma lista de desinfetantes e subst\u00e2ncias descontaminantes aprovado.<\/span><\/em><\/h6>","protected":false},"featured_media":4267,"comment_status":"open","ping_status":"closed","template":"","meta":{"om_disable_all_campaigns":false,"_monsterinsights_skip_tracking":false,"_monsterinsights_sitenote_active":false,"_monsterinsights_sitenote_note":"","_monsterinsights_sitenote_category":0},"product_brand":[],"product_cat":[71],"product_tag":[85,103,84,86],"class_list":{"0":"post-2568","1":"product","2":"type-product","3":"status-publish","4":"has-post-thumbnail","6":"product_cat-radiocomunicacao","7":"product_tag-locacao-de-radio-motorola","8":"product_tag-motorola-ht","9":"product_tag-radiocomunicacao","10":"product_tag-venda-de-radio-portatil","11":"product_shipping_class-correios","13":"first","14":"onbackorder","15":"shipping-taxable","16":"product-type-simple"},"aioseo_notices":[],"_links":{"self":[{"href":"https:\/\/gamatel.com.br\/en\/wp-json\/wp\/v2\/product\/2568","targetHints":{"allow":["GET"]}}],"collection":[{"href":"https:\/\/gamatel.com.br\/en\/wp-json\/wp\/v2\/product"}],"about":[{"href":"https:\/\/gamatel.com.br\/en\/wp-json\/wp\/v2\/types\/product"}],"replies":[{"embeddable":true,"href":"https:\/\/gamatel.com.br\/en\/wp-json\/wp\/v2\/comments?post=2568"}],"wp:featuredmedia":[{"embeddable":true,"href":"https:\/\/gamatel.com.br\/en\/wp-json\/wp\/v2\/media\/4267"}],"wp:attachment":[{"href":"https:\/\/gamatel.com.br\/en\/wp-json\/wp\/v2\/media?parent=2568"}],"wp:term":[{"taxonomy":"product_brand","embeddable":true,"href":"https:\/\/gamatel.com.br\/en\/wp-json\/wp\/v2\/product_brand?post=2568"},{"taxonomy":"product_cat","embeddable":true,"href":"https:\/\/gamatel.com.br\/en\/wp-json\/wp\/v2\/product_cat?post=2568"},{"taxonomy":"product_tag","embeddable":true,"href":"https:\/\/gamatel.com.br\/en\/wp-json\/wp\/v2\/product_tag?post=2568"}],"curies":[{"name":"wp","href":"https:\/\/api.w.org\/{rel}","templated":true}]}}