{"id":4079,"date":"2020-11-18T16:29:24","date_gmt":"2020-11-18T19:29:24","guid":{"rendered":"https:\/\/gamatel.com.br\/?post_type=product&#038;p=4079"},"modified":"2026-04-07T17:45:33","modified_gmt":"2026-04-07T20:45:33","slug":"radios-digitais-bidirecionais-mototrbo-motorola-dgm8000e-vhf-gps","status":"publish","type":"product","link":"https:\/\/gamatel.com.br\/en\/product\/radios-digitais-bidirecionais-mototrbo-motorola-dgm8000e-vhf-gps\/","title":{"rendered":"MOTOTRBO R\u00e1dio M\u00f3vel DGM8000\/DGM5000  VHF\/UHF GPS (sob ENCOMENDA)"},"content":{"rendered":"<div class=\"title-box\">\n<p>This dynamic evolution of MOTOTRBO digital two-way radios<sup>TM<\/sup>\u00a0ajuda voc\u00ea a melhorar sua conectividade, seguran\u00e7a e produtividade. A S\u00e9rie DGM\u21228000e\/DGM\u21225000e foi projetada para o profissional qualificado que se recusa a desistir. Com voz e dados de alto desempenho integrados e recursos avan\u00e7ados para um funcionamento eficiente, estes r\u00e1dios de \u00faltima gera\u00e7\u00e3o oferecem n\u00edveis m\u00e1ximos de conectividade para sua organiza\u00e7\u00e3o.<\/p>\n<p>This is what these latest generation radios have again:<\/p>\n<ul>\n<li>Built-in wifi<\/li>\n<li>WiFi software updates<\/li>\n<li>Bluetooth\u00ae 4.0<\/li>\n<\/ul>\n<\/div>\n<article><\/article>\n<div class=\"row\">\n<article><\/article>\n<article class=\"col-sm-6 col-lg-4\"><strong>CAT\u00c1LOGO:<\/strong><\/article>\n<\/div>\n<article><\/article>\n<article><a href=\"https:\/\/gamatel.com.br\/wp-content\/uploads\/2020\/11\/Catalogo-DGM5000-DGM8000.pdf\" class=\"pdfemb-viewer\" style=\"\" data-width=\"max\" data-height=\"max\" data-toolbar=\"top\" data-toolbar-fixed=\"on\">Cat\u00e1logo DGM5000 - DGM8000<\/a><\/article>\n<article><\/article>\n<article><\/article>","protected":false},"excerpt":{"rendered":"<p>This dynamic evolution of MOTOTRBO digital two-way radios<sup>TM<\/sup>\u00a0ajuda voc\u00ea a melhorar sua conectividade, seguran\u00e7a e produtividade. A S\u00e9rie DGM\u21228000e\/DGM\u21225000e foi projetada para o profissional qualificado que se recusa a desistir. Com voz e dados de alto desempenho integrados e recursos avan\u00e7ados para um funcionamento eficiente, estes r\u00e1dios de \u00faltima gera\u00e7\u00e3o oferecem n\u00edveis m\u00e1ximos de conectividade para sua organiza\u00e7\u00e3o.<\/p>\n<p>This is what these latest generation radios have again:<\/p>\n<ul>\n<li>Built-in wifi<\/li>\n<li>WiFi software updates<\/li>\n<li>Bluetooth\u00ae 4.0<\/li>\n<\/ul>","protected":false},"featured_media":4278,"comment_status":"open","ping_status":"closed","template":"","meta":{"om_disable_all_campaigns":false,"_monsterinsights_skip_tracking":false,"_monsterinsights_sitenote_active":false,"_monsterinsights_sitenote_note":"","_monsterinsights_sitenote_category":0},"product_brand":[],"product_cat":[71],"product_tag":[107,97,84],"class_list":{"0":"post-4079","1":"product","2":"type-product","3":"status-publish","4":"has-post-thumbnail","6":"product_cat-radiocomunicacao","7":"product_tag-motorola-solutions","8":"product_tag-radio-movel","9":"product_tag-radiocomunicacao","10":"product_shipping_class-correios","12":"first","13":"onbackorder","14":"shipping-taxable","15":"product-type-simple"},"aioseo_notices":[],"_links":{"self":[{"href":"https:\/\/gamatel.com.br\/en\/wp-json\/wp\/v2\/product\/4079","targetHints":{"allow":["GET"]}}],"collection":[{"href":"https:\/\/gamatel.com.br\/en\/wp-json\/wp\/v2\/product"}],"about":[{"href":"https:\/\/gamatel.com.br\/en\/wp-json\/wp\/v2\/types\/product"}],"replies":[{"embeddable":true,"href":"https:\/\/gamatel.com.br\/en\/wp-json\/wp\/v2\/comments?post=4079"}],"wp:featuredmedia":[{"embeddable":true,"href":"https:\/\/gamatel.com.br\/en\/wp-json\/wp\/v2\/media\/4278"}],"wp:attachment":[{"href":"https:\/\/gamatel.com.br\/en\/wp-json\/wp\/v2\/media?parent=4079"}],"wp:term":[{"taxonomy":"product_brand","embeddable":true,"href":"https:\/\/gamatel.com.br\/en\/wp-json\/wp\/v2\/product_brand?post=4079"},{"taxonomy":"product_cat","embeddable":true,"href":"https:\/\/gamatel.com.br\/en\/wp-json\/wp\/v2\/product_cat?post=4079"},{"taxonomy":"product_tag","embeddable":true,"href":"https:\/\/gamatel.com.br\/en\/wp-json\/wp\/v2\/product_tag?post=4079"}],"curies":[{"name":"wp","href":"https:\/\/api.w.org\/{rel}","templated":true}]}}