{"id":4082,"date":"2020-11-18T16:54:18","date_gmt":"2020-11-18T19:54:18","guid":{"rendered":"https:\/\/gamatel.com.br\/?post_type=product&#038;p=4082"},"modified":"2026-04-02T16:22:09","modified_gmt":"2026-04-02T19:22:09","slug":"https-gamatel-com-br-telefonia","status":"publish","type":"product","link":"https:\/\/gamatel.com.br\/en\/product\/https-gamatel-com-br-telefonia\/","title":{"rendered":"RAMAL PABX VIRTUAL IP VOICE SYSTEMS GAMATEL"},"content":{"rendered":"<p><strong>Loca\u00e7\u00e3o mensal de Ramais do seu PABX Virtual VoiceSystems Gamatel !\u00a0<\/strong><\/p>\n<p>Seu neg\u00f3cio precisa de um sistema de telefonia de alta tecnologia com custo benef\u00edcio justo, podendo reduzir drasticamente sua conta telefone, tais como:\u00a0\u00a0<strong>Chamada Nacional ilimitada para Fixo e M\u00f3vel<\/strong>; Servi\u00e7o 0800; Call Center VoIP; Solu\u00e7\u00e3o em nuvem sem necessidade de sala de equipamentos; use sua LAN, WAN para ter seus\u00a0<strong>ramais em qualquer lugar do mundo<\/strong>\u00a0(via internet) e equipamentos acess\u00f3rios de \u00faltima gera\u00e7\u00e3o: Telefone SIP sem fio WiFi\/VoIP e DECT\/VoIP, Smartphone\/softphone, Telefone com Cabo RJ45, Telefone com Video chamadas, Confer\u00eancia facil e dezenas de outras facilidades e relat\u00f3rios on line !<\/p>\n<p>As chamadas entre os ramais de sua empresa \u00e9 feita pelo sistema PABX VIRTUAL <strong>hospedado em Nuvem IP<\/strong>, em servidores com tecnologias de \u00faltima gera\u00e7\u00e3o e, mais importante, em redund\u00e2ncia com todas as facilidades, relat\u00f3rios e funcionalidades para que a <strong>opera\u00e7\u00e3o <\/strong><strong>da<\/strong>\u00a0<strong>telefonia<\/strong><strong> seja sem complica\u00e7\u00f5es, com agilidade e eficaz <\/strong><strong>em sua empresa e suas filiais espalhadas pelo Brasil e no mundo.\u00a0<\/strong><\/p>\n<p>Linhas e Ramais dispon\u00edveis <strong>atrav\u00e9s de sua rede IP existente<\/strong>, seja Local (LAN), espalhada pela cidade (MAN) ou Brasil\/mundo (WAN).<\/p>\n<p>Para saber se h\u00e1 disponibilidade para sua cidade, click abaixo:<\/p>\n<div class=\"columncontrol section\">\n<div class=\"ms-row ms-row-flush\">\n<div class=\"ms-column ie-6 medium-6\">\n<div>\n<div class=\"richtexteditor parbase section\">\n<p><a href=\"https:\/\/gamatel.com.br\/en\/contato\/\"><strong>Fale conosco!<\/strong><\/a><\/p>\n<\/div>\n<article><a href=\"https:\/\/gamatel.com.br\/en\/telefonia\/\"><strong>Saiba Mais!<\/strong><\/a><\/article>\n<\/div>\n<\/div>\n<\/div>\n<\/div>","protected":false},"excerpt":{"rendered":"<p>Nossa solu\u00e7\u00e3o \u00e9 suportada pela avan\u00e7ada<strong> tecnologia 3CORP\/ATTIMO MULTISERVICE<\/strong>.<\/p>\n<p><a href=\"https:\/\/gamatel.com.br\/wp-content\/uploads\/2026\/03\/VoiceSystems-Gamatel_-Site-e1774292658617.png\"><img loading=\"lazy\" decoding=\"async\" class=\"size-medium wp-image-4316 alignright\" src=\"https:\/\/gamatel.com.br\/wp-content\/uploads\/2026\/03\/VoiceSystems-Gamatel_-Site-300x164.png\" alt=\"\" width=\"300\" height=\"164\" \/><\/a>Uma plataforma de comunica\u00e7\u00e3o corporativa em nuvem que oferece recursos avan\u00e7ados de telefonia IP e mobilidade para diferentes necessidades e perfis de usu\u00e1rios de pequenas, m\u00e9dias e grandes empresas com n\u00famero ilimitado de usu\u00e1rios. Com hospedagem em nuvem p\u00fablica no Brasil, segue todos os padr\u00f5es de seguran\u00e7a, disponibilidade e confidencialidade aliados ao fornecimento de acesso altamente confi\u00e1vel e simples aos servi\u00e7os de comunica\u00e7\u00e3o atrav\u00e9s de qualquer ambiente. Desenvolvido em linha com as \u00faltimas tend\u00eancias de mercado como WebRTC e Opus, o ATTIMO oferece servi\u00e7os flex\u00edveis que atendem aos requisitos dos novos espa\u00e7os de trabalho.<\/p>\n<p><strong>Recursos de chamada<\/strong><br \/>\n\u2013 Compat\u00edvel com telefones SIP padr\u00e3o.<br \/>\n\u2013 Interface de Telefonia com Idioma do Usu\u00e1rio: Ingl\u00eas, Portugu\u00eas-BR, Espanhol.<br \/>\n\u2013 Softfone WebRTC.<br \/>\n\u2013 Windows, Mac, iOS e Android Soft Clients.<br \/>\n\u2013 Multi-dispositivo (5 simultaneamente)<br \/>\n\u2013 Multi Chefe \/ Multi Secret\u00e1ria + Lista de Chamadas.<br \/>\n\u2013 Suporte para Indica\u00e7\u00e3o de Ocupado (BLF).<br \/>\n\u2013 Assentos Gratuitos<br \/>\n\u2013 Ligar de volta.<br \/>\n\u2013 Controle de fluxo de chamadas.<br \/>\n\u2013 Encaminhamento de chamada (ocupado, sem resposta, incondicional).<br \/>\n\u2013 Monitoramento de chamadas.<br \/>\n\u2013 Captura de chamada.<br \/>\n\u2013 Estacionamento de chamada.<br \/>\n\u2013 Grava\u00e7\u00e3o de chamadas (gravar, pesquisar, ouvir).<br \/>\n\u2013 Auditoria de grava\u00e7\u00e3o de chamadas e download de arquivos.<br \/>\n\u2013 Monitoramento de chamadas.<br \/>\n\u2013 Espi\u00e3o de chamada.<br \/>\n\u2013 Transfer\u00eancia de chamadas (cegas, assistidas).<br \/>\n\u2013 Chamada em espera.<br \/>\n\u2013 Servi\u00e7os de retorno de chamada.<br \/>\n\u2013 Identificador de chamadas.<br \/>\n\u2013 Consulta de Chamadas (Externa e Interna)<br \/>\n\u2013 ID do n\u00famero conectado.<br \/>\n\u2013 Teleconfer\u00eancia de 3 partes.<br \/>\n\u2013 Ponte de confer\u00eancia para 30 partes.<br \/>\n\u2013 DISA (Acesso direto ao sistema interno).<br \/>\n\u2013 DND (N\u00e3o perturbe).<br \/>\n\u2013 N\u00fameros de discagem direta interna (DIDs).<br \/>\n\u2013 Encontre-me \/ siga-me.<br \/>\n\u2013 Grupos de ca\u00e7a\/toque.<br \/>\n\u2013 Linha direta\/Linha quente.<br \/>\n\u2013 Chamada em espera\/m\u00fasica em espera.<br \/>\n\u2013 Rotas de sa\u00edda\/entrada e rota por identificador de chamadas.<br \/>\n\u2013 Conjuntos de PIN.<br \/>\n\u2013 Restri\u00e7\u00e3o de discagem por aparelho.<br \/>\n\u2013 Restri\u00e7\u00e3o de chamadas recebidas com base no identificador de chamadas.<br \/>\n\u2013 Restri\u00e7\u00e3o de chamadas de sa\u00edda.<br \/>\n\u2013 Lista negra (PSTN, LOCAL, LDN DE LONGA DIST\u00c2NCIA).<br \/>\n\u2013 Lista negra (chamada a cobrar, 0300, 0500, 0900).<br \/>\n\u2013 Bloqueio DID.<br \/>\n\u2013 Grupos de captura.<br \/>\n\u2013 Assist\u00eancia Pessoal (IVR).<br \/>\n\u2013 Grava\u00e7\u00e3o\/Notas Pessoais.<br \/>\n\u2013 Substitui\u00e7\u00e3o Remota.<br \/>\n\u2013 Captura remota de chamadas.<br \/>\n\u2013 Rediscagem<br \/>\n\u2013 Discagens r\u00e1pidas.<br \/>\n\u2013 Chamada de v\u00eddeo.<br \/>\n\u2013 Chamadas de despertar.<br \/>\n\u2013 At\u00e9 5 dispositivos por usu\u00e1rio.<br \/>\n\u2013 Registro de chamadas pessoais (billhetagem\/CDR).<br \/>\n\u2013 Configura\u00e7\u00f5es de extens\u00e3o pessoal.<br \/>\n\u2013 IVR pessoal e\/ou Multin\u00edvel.<br \/>\n\u2013 UC (Chat, V\u00eddeo e Compartilhamento).<\/p>\n<p>&nbsp;<\/p>","protected":false},"featured_media":4320,"comment_status":"open","ping_status":"closed","template":"","meta":{"om_disable_all_campaigns":false,"_monsterinsights_skip_tracking":false,"_monsterinsights_sitenote_active":false,"_monsterinsights_sitenote_note":"","_monsterinsights_sitenote_category":0},"product_brand":[],"product_cat":[90,72],"product_tag":[128,114,110,129,89],"class_list":{"0":"post-4082","1":"product","2":"type-product","3":"status-publish","4":"has-post-thumbnail","6":"product_cat-pabx","7":"product_cat-telefonia","8":"product_tag-pabx-em-nuvem","9":"product_tag-pabx-ip","10":"product_tag-pabx-virtual","11":"product_tag-telefone-sip","12":"product_tag-telefonia","14":"first","15":"onbackorder","16":"sale","17":"featured","18":"virtual","19":"purchasable","20":"product-type-simple"},"aioseo_notices":[],"_links":{"self":[{"href":"https:\/\/gamatel.com.br\/en\/wp-json\/wp\/v2\/product\/4082","targetHints":{"allow":["GET"]}}],"collection":[{"href":"https:\/\/gamatel.com.br\/en\/wp-json\/wp\/v2\/product"}],"about":[{"href":"https:\/\/gamatel.com.br\/en\/wp-json\/wp\/v2\/types\/product"}],"replies":[{"embeddable":true,"href":"https:\/\/gamatel.com.br\/en\/wp-json\/wp\/v2\/comments?post=4082"}],"wp:featuredmedia":[{"embeddable":true,"href":"https:\/\/gamatel.com.br\/en\/wp-json\/wp\/v2\/media\/4320"}],"wp:attachment":[{"href":"https:\/\/gamatel.com.br\/en\/wp-json\/wp\/v2\/media?parent=4082"}],"wp:term":[{"taxonomy":"product_brand","embeddable":true,"href":"https:\/\/gamatel.com.br\/en\/wp-json\/wp\/v2\/product_brand?post=4082"},{"taxonomy":"product_cat","embeddable":true,"href":"https:\/\/gamatel.com.br\/en\/wp-json\/wp\/v2\/product_cat?post=4082"},{"taxonomy":"product_tag","embeddable":true,"href":"https:\/\/gamatel.com.br\/en\/wp-json\/wp\/v2\/product_tag?post=4082"}],"curies":[{"name":"wp","href":"https:\/\/api.w.org\/{rel}","templated":true}]}}