{"id":4178,"date":"2024-06-18T17:38:15","date_gmt":"2024-06-18T20:38:15","guid":{"rendered":"https:\/\/gamatel.com.br\/?post_type=product&#038;p=4178"},"modified":"2025-01-23T18:49:24","modified_gmt":"2025-01-23T21:49:24","slug":"mototrbo-r2-radio-bidirecional-portatil","status":"publish","type":"product","link":"https:\/\/gamatel.com.br\/en\/product\/mototrbo-r2-radio-bidirecional-portatil\/","title":{"rendered":"MOTOTRBO R2 R\u00c1DIO BIDIRECIONAL PORT\u00c1TIL"},"content":{"rendered":"<p><span class=\"fontstyle0\">O r\u00e1dio <strong>MOTOTRBO\u2122 R2<\/strong> \u00e9 um dispositivo de trabalho de alto n\u00edvel<br \/>\nque une durabilidade e ergonomia para assegurar um manejo<br \/>\nseguro e simples. Com um alcance superior, \u00e1udio configur\u00e1vel<br \/>\ne uma integra\u00e7\u00e3o \u00f3tima, o R2 \u00e9 um complemento de confian\u00e7a<br \/>\npara uma jornada de trabalho ininterrupta.<\/span><\/p>\n<p>&nbsp;<\/p>\n<p><strong>Cat\u00e1logo<\/strong>:<\/p>\n<a href=\"https:\/\/gamatel.com.br\/wp-content\/uploads\/2024\/06\/Catalogo-R2.pdf\" class=\"pdfemb-viewer\" style=\"\" data-width=\"max\" data-height=\"max\" data-toolbar=\"top\" data-toolbar-fixed=\"on\">Cat\u00e1logo R2<\/a>","protected":false},"excerpt":{"rendered":"<p><strong>CARACTER\u00cdSTICAS PRINCIPAIS<\/strong><br \/>\n\u2022 UHF, VHF<br \/>\n\u2022 64 canais<br \/>\n\u2022 Convencional de um S\u00f3 Site<br \/>\n\u2022 Modo Direto de Alcance Estendido<br \/>\n\u2022 Modo Direto de Capacidade Dual<br \/>\n\u2022 Transmit Interrupt<br \/>\n\u2022 Escaneamento de Dupla Prioridade<br \/>\n\u2022 Compat\u00edvel com Quik Call II \/ MDC1200<br \/>\n\u2022 Sistema Operativo Secure Enhanced Linux<br \/>\n\u2022 Privacidade melhorada<br \/>\n\u2022 Ativar\/Desativar R\u00e1dio<br \/>\n\u2022 Monitor Remoto<br \/>\n\u2022 An\u00fancio de voz<br \/>\n\u2022 Sonoridade at\u00e9 101 phons<br \/>\n\u2022 Supress\u00e3o de Ru\u00eddo SINC<br \/>\n\u2022 Supress\u00e3o de Retroalimenta\u00e7\u00e3o Ac\u00fastica<br \/>\n\u2022 Sele\u00e7\u00e3o de perfis de \u00e1udio<br \/>\n\u2022 Nivela\u00e7\u00e3o de \u00c1udio Recebido<br \/>\n\u2022 Design ergon\u00f4mico e elegante<br \/>\n\u2022 Refor\u00e7ado conforme MIL-STD 810<br \/>\n\u2022 IP55 (prote\u00e7\u00e3o contra o poeira e \u00e1gua)<br \/>\n\u2022 2 bot\u00f5es program\u00e1veis<br \/>\n\u2022 Lembrete do Canal de In\u00edcio<br \/>\n\u2022 Temporizador de Aluguel<\/p>","protected":false},"featured_media":4181,"comment_status":"closed","ping_status":"closed","template":"","meta":{"om_disable_all_campaigns":false,"_monsterinsights_skip_tracking":false,"_monsterinsights_sitenote_active":false,"_monsterinsights_sitenote_note":"","_monsterinsights_sitenote_category":0},"product_brand":[],"product_cat":[71],"product_tag":[120,119,107,84],"class_list":{"0":"post-4178","1":"product","2":"type-product","3":"status-publish","4":"has-post-thumbnail","6":"product_cat-radiocomunicacao","7":"product_tag-dmr","8":"product_tag-gamatel-tecnologia","9":"product_tag-motorola-solutions","10":"product_tag-radiocomunicacao","12":"first","13":"onbackorder","14":"shipping-taxable","15":"product-type-simple"},"aioseo_notices":[],"_links":{"self":[{"href":"https:\/\/gamatel.com.br\/en\/wp-json\/wp\/v2\/product\/4178","targetHints":{"allow":["GET"]}}],"collection":[{"href":"https:\/\/gamatel.com.br\/en\/wp-json\/wp\/v2\/product"}],"about":[{"href":"https:\/\/gamatel.com.br\/en\/wp-json\/wp\/v2\/types\/product"}],"replies":[{"embeddable":true,"href":"https:\/\/gamatel.com.br\/en\/wp-json\/wp\/v2\/comments?post=4178"}],"wp:featuredmedia":[{"embeddable":true,"href":"https:\/\/gamatel.com.br\/en\/wp-json\/wp\/v2\/media\/4181"}],"wp:attachment":[{"href":"https:\/\/gamatel.com.br\/en\/wp-json\/wp\/v2\/media?parent=4178"}],"wp:term":[{"taxonomy":"product_brand","embeddable":true,"href":"https:\/\/gamatel.com.br\/en\/wp-json\/wp\/v2\/product_brand?post=4178"},{"taxonomy":"product_cat","embeddable":true,"href":"https:\/\/gamatel.com.br\/en\/wp-json\/wp\/v2\/product_cat?post=4178"},{"taxonomy":"product_tag","embeddable":true,"href":"https:\/\/gamatel.com.br\/en\/wp-json\/wp\/v2\/product_tag?post=4178"}],"curies":[{"name":"wp","href":"https:\/\/api.w.org\/{rel}","templated":true}]}}