{"id":4392,"date":"2026-04-02T13:24:40","date_gmt":"2026-04-02T16:24:40","guid":{"rendered":"https:\/\/gamatel.com.br\/?post_type=product&#038;p=4392"},"modified":"2026-04-02T16:00:22","modified_gmt":"2026-04-02T19:00:22","slug":"aparelho-telefone-ip-giga_eth-poe-fanvil-v61g","status":"publish","type":"product","link":"https:\/\/gamatel.com.br\/en\/product\/aparelho-telefone-ip-giga_eth-poe-fanvil-v61g\/","title":{"rendered":"LOCA\u00c7\u00c3O APARELHO TELEFONE IP GIGA_ETH &#8211; POE &#8211; FANVIL V61G"},"content":{"rendered":"<p><strong>Fa\u00e7a sua loca\u00e7\u00e3o<\/strong> de um aparelho de \u00faltima gera\u00e7\u00e3o, est\u00e1vel e com qualidade de voz, <strong>na Gamatel! <\/strong><\/p>\n<p>O Fanvil V61G \u00e9 um telefone IP empresarial elegante e f\u00e1cil de usar, ideal para ambientes corporativos que exigem praticidade e desempenho. Equipado com uma tela colorida de 2,4 polegadas (320\u00d7240) em alta defini\u00e7\u00e3o, o V61G oferece uma interface intuitiva e moderna.<\/p>\n<p>Compat\u00edvel com at\u00e9 4 contas SIP e suporte para confer\u00eancia de \u00e1udio com at\u00e9 6 participantes, esse modelo proporciona flexibilidade e produtividade em chamadas de equipe. Com \u00e1udio em alta defini\u00e7\u00e3o (HD) e duas portas Gigabit Ethernet, garante excelente qualidade de som e conectividade est\u00e1vel.<\/p>\n<p>Para saber se h\u00e1 disponibilidade, click abaixo:<\/p>\n<div class=\"columncontrol section\">\n<div class=\"ms-row ms-row-flush\">\n<div class=\"ms-column ie-6 medium-6\">\n<div>\n<div class=\"richtexteditor parbase section\">\n<p><a href=\"https:\/\/gamatel.com.br\/en\/contato\/\"><strong>Fale conosco!<\/strong><\/a><\/p>\n<\/div>\n<article><a href=\"https:\/\/gamatel.com.br\/en\/telefonia\/\"><strong>Saiba Mais!<\/strong><\/a><\/article>\n<\/div>\n<\/div>\n<\/div>\n<\/div>","protected":false},"excerpt":{"rendered":"<h3><strong>Especifica\u00e7\u00f5es T\u00e9cnicas<\/strong><\/h3>\n<p>\u00bb\u00a0Tela colorida de 2,4 polegadas e 320\u00d7240 pixels.<br \/>\n\u00bb\u00a0Suporte para at\u00e9 4 contas SIP<br \/>\n\u00bb\u00a0Confer\u00eancia de \u00e1udio com at\u00e9 6 participantes<br \/>\n\u00bb\u00a0\u00c1udio HD para chamadas mais n\u00edtidas<br \/>\n\u00bb\u00a0Portas Gigabit duplas, PoE integrado, 2 portas Gigabit para conex\u00e3o de alta velocidade<br \/>\n\u00bb\u00a0Suporta codec de \u00e1udio G.722 e Opus, \u00e1udio HD no viva-voz e monofone.<br \/>\n\u00bb\u00a0Suporta confer\u00eancia de \u00e1udio de 6 vias.<br \/>\n\u00bb\u00a0At\u00e9 12 teclas DSS, cada tecla DSS pode ser definida como tecla de linha\/BLF\/discagem r\u00e1pida<br \/>\n\u00bb\u00a0Ideal para uso em diversos cen\u00e1rios empresariais<br \/>\n\u00bb\u00a0Dispon\u00edvel para liga\u00e7\u00e3o com produtos de seguran\u00e7a, pode ser facilmente personalizado em v\u00e1rias solu\u00e7\u00f5es de\u00a0seguran\u00e7a para reduzir o investimento.<\/p>","protected":false},"featured_media":4326,"comment_status":"open","ping_status":"closed","template":"","meta":{"om_disable_all_campaigns":false,"_monsterinsights_skip_tracking":false,"_monsterinsights_sitenote_active":false,"_monsterinsights_sitenote_note":"","_monsterinsights_sitenote_category":0},"product_brand":[],"product_cat":[90,72],"product_tag":[128,114,110,129,89],"class_list":{"0":"post-4392","1":"product","2":"type-product","3":"status-publish","4":"has-post-thumbnail","6":"product_cat-pabx","7":"product_cat-telefonia","8":"product_tag-pabx-em-nuvem","9":"product_tag-pabx-ip","10":"product_tag-pabx-virtual","11":"product_tag-telefone-sip","12":"product_tag-telefonia","13":"product_shipping_class-correios","15":"first","16":"onbackorder","17":"sale","18":"featured","19":"virtual","20":"purchasable","21":"product-type-simple"},"aioseo_notices":[],"_links":{"self":[{"href":"https:\/\/gamatel.com.br\/en\/wp-json\/wp\/v2\/product\/4392","targetHints":{"allow":["GET"]}}],"collection":[{"href":"https:\/\/gamatel.com.br\/en\/wp-json\/wp\/v2\/product"}],"about":[{"href":"https:\/\/gamatel.com.br\/en\/wp-json\/wp\/v2\/types\/product"}],"replies":[{"embeddable":true,"href":"https:\/\/gamatel.com.br\/en\/wp-json\/wp\/v2\/comments?post=4392"}],"wp:featuredmedia":[{"embeddable":true,"href":"https:\/\/gamatel.com.br\/en\/wp-json\/wp\/v2\/media\/4326"}],"wp:attachment":[{"href":"https:\/\/gamatel.com.br\/en\/wp-json\/wp\/v2\/media?parent=4392"}],"wp:term":[{"taxonomy":"product_brand","embeddable":true,"href":"https:\/\/gamatel.com.br\/en\/wp-json\/wp\/v2\/product_brand?post=4392"},{"taxonomy":"product_cat","embeddable":true,"href":"https:\/\/gamatel.com.br\/en\/wp-json\/wp\/v2\/product_cat?post=4392"},{"taxonomy":"product_tag","embeddable":true,"href":"https:\/\/gamatel.com.br\/en\/wp-json\/wp\/v2\/product_tag?post=4392"}],"curies":[{"name":"wp","href":"https:\/\/api.w.org\/{rel}","templated":true}]}}